{"id":7358,"date":"2025-10-14T09:44:01","date_gmt":"2025-10-14T15:44:01","guid":{"rendered":"http:\/\/rnasociety.org\/conferences\/?page_id=7358"},"modified":"2026-04-06T10:09:32","modified_gmt":"2026-04-06T16:09:32","slug":"rna-2026","status":"publish","type":"page","link":"https:\/\/www.rnasociety.org\/conferences\/","title":{"rendered":"RNA 2026"},"content":{"rendered":"<h1>Welcome<\/h1>\n<p>The <strong>31st Annual Meeting of the RNA Society<\/strong> will be held at the <a href=\"https:\/\/congresmtl.com\/en\/\" target=\"_blank\" rel=\"noopener\">Palais des Congr\u00e8s<\/a> in Montr\u00e9al, Canada from May 26 &#8211; 31, 2026.<\/p>\n<p><strong>Organizers:<br \/>\n<\/strong><a href=\"https:\/\/moleculargenetics.utoronto.ca\/faculty\/julie-m-claycomb\">Julie Claycomb<\/a>, University of Toronto<br \/>\n<a href=\"https:\/\/www.ircm.qc.ca\/en\/researchers\/eric-lecuyer\">Eric L\u00e9cuyer<\/a>,\u00a0Institut de Recherches Cliniques de Montr\u00e9al (IRCM) \/ Montreal Clinical Research Institute<br \/>\n<a href=\"http:\/\/Anita Corbett\">Anita Corbett<\/a>, Emory University<br \/>\n<a href=\"https:\/\/genetics.med.upenn.edu\/faculty-profile\/9852589\">Rotem Karni<\/a>, Perelman School of Medicine, University of Pennsylvania<br \/>\n<a href=\"http:\/\/rna.chem.t.u-tokyo.ac.jp\/en\/members_professor.html\">Tsutomu (Tom) Suzuki<\/a>, University of Tokyo<br \/>\n<a href=\"https:\/\/www.biozentrum.unibas.ch\/research\/research-groups\/research-groups-a-z\/overview\/unit\/research-group-mihaela-zavolan\">Mihaela Zavolan<\/a>,\u00a0Biozentrum, University of Basel<\/p>\n<p><strong>Keynote speakers:<\/strong><br \/>\n<a href=\"https:\/\/research-repository.uwa.edu.au\/en\/persons\/archa-fox\">Archa Fox<\/a>, University of Western Australia<br \/>\n<a href=\"https:\/\/dandrite.au.dk\/people\/affiliated-researchers\/joergen-kjems\/\">J\u00f8rgen Kjems<\/a>, Aarhus University<br \/>\n<a href=\"https:\/\/www.mcgill.ca\/biochemistry\/faculty-members\/sonenberg\">Nahum Sonenberg<\/a>, McGill University<\/p>\n<p><strong>Special Guests<br \/>\n<\/strong>The Society welcomes and looks forward to celebrating two Lifetime Achievement in Science recipients in Montr\u00e9al:<\/p>\n<p><strong>The 2026 RNA Society Lifetime Achievement in Science Award Recipient<br \/>\n<\/strong><strong>Brenda Bass<\/strong>\u00a0(University of Utah School of Medicine, USA) &#8211; the 2026 RNA Society Lifetime Achievement in Science Award winner. Dr. Bass will present her research\u00a0lecture and accept her award during the Award Ceremony at the close of RNA 2026 on Saturday, May 30th!<\/p>\n<p><strong>The 2025 RNA Society Lifetime Achievement in Science Award Recipient<br \/>\n<\/strong><strong>David Tollervey<\/strong>\u00a0(University of Edinburgh, 2025 RNA Society Lifetime Achievement in Science Award winner) \u2013 Dr. Tollervey was unable to attend RNA 2025 in San Diego to receive his award and is scheduled to attend RNA 2026 and present his award lecture during the meeting in Montr\u00e9al!<\/p>\n<div class=\"chad-es\">\n<div class=\"chad-expandable\">\n<div class=\"chad-ei\"><strong>RNA Society Research Presentation Fellowship Program<\/strong><\/div>\n<div class=\"chad-econtent\">\n<p><a href=\"http:\/\/rnasociety.org\/conferences\/rna-2026\/rna-society-research-presentation-fellowship-program\/\"><strong><b>Apply for support.<\/b><\/strong><\/a>\u00a0The RNA Society <strong><b>Research Presentation Fellowship Program<\/b><\/strong> aims to increase inclusion and participation at our annual meeting and provides full waivers of the meeting registration fee for current RNA Society members who would otherwise be unable to attend RNA 2026 due to financial considerations. Please email questions to <a href=\"mailto:&#x6d;&#x65;&#x65;&#x74;&#x69;&#x6e;&#x67;&#x73;&#x63;&#x6f;&#x6d;&#x6d;&#x69;&#x74;&#x74;&#x65;&#x65;&#x40;&#x72;&#x6e;&#x61;&#x73;&#x6f;&#x63;&#x69;&#x65;&#x74;&#x79;&#x2e;&#x6f;&#x72;&#x67;\">&#x6d;&#x65;&#x65;&#x74;&#x69;&#x6e;&#x67;&#x73;&#x63;&#x6f;&#x6d;&#x6d;&#x69;&#x74;&#x74;&#x65;&#x65;&#x40;<span class=\"oe_displaynone\">null<\/span>&#x72;&#x6e;&#x61;&#x73;&#x6f;&#x63;&#x69;&#x65;&#x74;&#x79;&#x2e;&#x6f;&#x72;&#x67;<\/a>.<\/p>\n<\/div>\n<\/div>\n<div class=\"chad-expandable\">\n<div class=\"chad-ei\"><strong>Childcare, Dependent-Care and Disability Allowance Program<\/strong><\/div>\n<div class=\"chad-econtent\">\n<p><a href=\"http:\/\/rnasociety.org\/conferences\/rna-2026\/childcare-dependent-care-and-disability-support-program\/\"><strong><b>Apply for support.<\/b><\/strong><\/a>\u00a0The RNA Society <strong><b>Childcare, Dependent-Care and Disability Allowance Program<\/b><\/strong> aims to facilitate the attendance of current RNA Society members with care-giver responsibilities who might not otherwise be able to attend RNA 2026. This program is open to current members at all career states &#8211; undergraduates, graduate students, postdoctoral researchers, staff, and full members. Please email questions to <a href=\"mailto:&#x6d;&#x65;&#x65;&#x74;&#x69;&#x6e;&#x67;&#x73;&#x63;&#x6f;&#x6d;&#x6d;&#x69;&#x74;&#x74;&#x65;&#x65;&#x40;&#x72;&#x6e;&#x61;&#x73;&#x6f;&#x63;&#x69;&#x65;&#x74;&#x79;&#x2e;&#x6f;&#x72;&#x67;\">&#x6d;&#x65;&#x65;&#x74;&#x69;&#x6e;&#x67;&#x73;&#x63;&#x6f;&#x6d;&#x6d;&#x69;&#x74;&#x74;&#x65;&#x65;&#x40;<span class=\"oe_displaynone\">null<\/span>&#x72;&#x6e;&#x61;&#x73;&#x6f;&#x63;&#x69;&#x65;&#x74;&#x79;&#x2e;&#x6f;&#x72;&#x67;<\/a>. \u00a0 <strong><b>Please note <u>only registered meeting attendees<\/u> will have access to the RNA 2026 meeting spaces. Children of any age are NOT permitted to attend RNA 2026 or be present during scientific sessions, breaks, meals or poster sessions. <\/b><\/strong><\/p>\n<\/div>\n<\/div>\n<div class=\"chad-expandable\">\n<div class=\"chad-ei\"><strong>Session Chairs<\/strong><\/div>\n<div class=\"chad-econtent\">\n<table class=\"session-chairs-table\" width=\"100%\">\n<tbody>\n<tr>\n<td width=\"30%\"><strong>Name<\/strong><\/td>\n<td width=\"50%\"><strong>Affiliation<\/strong><\/td>\n<td width=\"20%\"><strong>Website<\/strong><\/td>\n<\/tr>\n<tr>\n<td>Manny Ares<\/td>\n<td>University of California Santa Cruz<\/td>\n<td><a href=\"http:\/\/ribonode.ucsc.edu\/\" target=\"_blank\" rel=\"noopener\">Visit Site<\/a><\/td>\n<\/tr>\n<tr>\n<td>Brenda Bass<\/td>\n<td>University of Utah<\/td>\n<td><a href=\"http:\/\/www.biochem.utah.edu\/bass\/\" target=\"_blank\" rel=\"noopener\">Visit Site<\/a><\/td>\n<\/tr>\n<tr>\n<td>Kristopher Brannan<\/td>\n<td>Houston Methodist University<\/td>\n<td><a href=\"https:\/\/brannan.hmailabs.org\/\" target=\"_blank\" rel=\"noopener\">Visit Site<\/a><\/td>\n<\/tr>\n<tr>\n<td>Benoit Chabot<\/td>\n<td>Universit\u00e9 de Sherbrooke<\/td>\n<td><a href=\"https:\/\/www.usherbrooke.ca\/recherche\/fr\/specialistes\/details\/benoit.chabot#publications\/\" target=\"_blank\" rel=\"noopener\">Visit Site<\/a><\/td>\n<\/tr>\n<tr>\n<td>Amy Cooke<\/td>\n<td>Haverford College<\/td>\n<td><a href=\"https:\/\/www.haverford.edu\/users\/acooke1\" target=\"_blank\" rel=\"noopener\">Visit Site<\/a><\/td>\n<\/tr>\n<tr>\n<td>Ramana Davuluri<\/td>\n<td>Stony Brook University<\/td>\n<td><a href=\"https:\/\/davulurilab.github.io\/\" target=\"_blank\" rel=\"noopener\">Visit Site<\/a><\/td>\n<\/tr>\n<tr>\n<td>Florian Erhard<\/td>\n<td>University of Regensburg<\/td>\n<td><a href=\"https:\/\/erhard-lab.de\/\" target=\"_blank\" rel=\"noopener\">Visit Site<\/a><\/td>\n<\/tr>\n<tr>\n<td>Rachel Green<\/td>\n<td>Johns Hopkins University School of Medicine, HHMI<\/td>\n<td><a href=\"https:\/\/greenlabjhmi.org\/\" target=\"_blank\" rel=\"noopener\">Visit Site<\/a><\/td>\n<\/tr>\n<tr>\n<td>Junjie Guo<\/td>\n<td>Yale University School of Medicine<\/td>\n<td><a href=\"https:\/\/www.guo-lab.com\/\" target=\"_blank\" rel=\"noopener\">Visit Site<\/a><\/td>\n<\/tr>\n<tr>\n<td>Markus Hafner<\/td>\n<td>National Institutes of Health<\/td>\n<td><a href=\"https:\/\/www.niams.nih.gov\/labs\/hafner-lab\" target=\"_blank\" rel=\"noopener\">Visit Site<\/a><\/td>\n<\/tr>\n<tr>\n<td>Amanda Hargrove<\/td>\n<td>Centre for Medicinal Chemistry, University of Toronto<\/td>\n<td><a href=\"https:\/\/www.hargrovelab.org\/\" target=\"_blank\" rel=\"noopener\">Visit Site<\/a><\/td>\n<\/tr>\n<tr>\n<td>Michelle Hastings<\/td>\n<td>Center for RNA Biomedicine, University of Michigan Medical School<\/td>\n<td><a href=\"https:\/\/hastings.lab.medicine.umich.edu\/\" target=\"_blank\" rel=\"noopener\">Visit Site<\/a><\/td>\n<\/tr>\n<tr>\n<td>Cassandra Hayne<\/td>\n<td>University of Chicago<\/td>\n<td><a href=\"https:\/\/haynelab.com\/\" target=\"_blank\" rel=\"noopener\">Visit Site<\/a><\/td>\n<\/tr>\n<tr>\n<td>Tetsuro Hirose<\/td>\n<td>Osaka University<\/td>\n<td><a href=\"https:\/\/hirose-lab.com\/\" target=\"_blank\" rel=\"noopener\">Visit Site<\/a><\/td>\n<\/tr>\n<tr>\n<td>Maria Hondele<\/td>\n<td>Biozentrum, University of Basel<\/td>\n<td><a href=\"https:\/\/www.biozentrum.unibas.ch\/research\/research-groups\/research-groups-a-z\/overview\/unit\/research-group-maria-hondele\" target=\"_blank\" rel=\"noopener\">Visit Site<\/a><\/td>\n<\/tr>\n<tr>\n<td>Samer Hussein<\/td>\n<td>Universite Laval<\/td>\n<td><a href=\"https:\/\/www.crchudequebec.ulaval.ca\/en\/researcher\/samer-hussein\/\" target=\"_blank\" rel=\"noopener\">Visit Site<\/a><\/td>\n<\/tr>\n<tr>\n<td>Cornelia Kilchert<\/td>\n<td>Justus-Liebig-University Giessen<\/td>\n<td><a href=\"https:\/\/www.uni-giessen.de\/de\/fbz\/fb08\/Inst\/biochem\/kilchert\" target=\"_blank\" rel=\"noopener\">Visit Site<\/a><\/td>\n<\/tr>\n<tr>\n<td>Markus Landthaler<\/td>\n<td>Max Delbr\u00fcck Center for Molecular Medicine<\/td>\n<td><a href=\"https:\/\/www.mdc-berlin.de\/landthaler\" target=\"_blank\" rel=\"noopener\">Visit Site<\/a><\/td>\n<\/tr>\n<tr>\n<td>Sebastian Leidel<\/td>\n<td>University of Bern<\/td>\n<td><a href=\"https:\/\/leidel.dcbp.unibe.ch\/\" target=\"_blank\" rel=\"noopener\">Visit Site<\/a><\/td>\n<\/tr>\n<tr>\n<td>Chien-Ling Lin<\/td>\n<td>Institute of Molecular Biology, Academia Sinica<\/td>\n<td><a href=\"https:\/\/cllimbsinica.weebly.com\/\" target=\"_blank\" rel=\"noopener\">Visit Site<\/a><\/td>\n<\/tr>\n<tr>\n<td>Anne Mcbride<\/td>\n<td>Bowdoin College<\/td>\n<td><a href=\"https:\/\/www.bowdoin.edu\/profiles\/faculty\/amcbride\/index.html\" target=\"_blank\" rel=\"noopener\">Visit Site<\/a><\/td>\n<\/tr>\n<tr>\n<td>Stephanie Moon<\/td>\n<td>Center for RNA Biomedicine, University of Michigan Medical School<\/td>\n<td><a href=\"https:\/\/themoonlab.org\/\" target=\"_blank\" rel=\"noopener\">Visit Site<\/a><\/td>\n<\/tr>\n<tr>\n<td>Yunsun Nam<\/td>\n<td>University of Texas Southwestern Medical Center<\/td>\n<td><a href=\"http:\/\/www.ynamlab.org\/\" target=\"_blank\" rel=\"noopener\">Visit Site<\/a><\/td>\n<\/tr>\n<tr>\n<td>Adam Norris<\/td>\n<td>University of California, Riverside<\/td>\n<td><a href=\"http:\/\/thenorrislab.org\/\" target=\"_blank\" rel=\"noopener\">Visit Site<\/a><\/td>\n<\/tr>\n<tr>\n<td>Eric Van Nostrand<\/td>\n<td>Baylor College of Medicine<\/td>\n<td><a href=\"https:\/\/www.evannostrandlab.com\/\" target=\"_blank\" rel=\"noopener\">Visit Site<\/a><\/td>\n<\/tr>\n<tr>\n<td>Sebastien Pfeffer<\/td>\n<td>Institut de Biologie Mol\u00e9culaire et Cellulaire, Universit\u00e9 de Strasbourg<\/td>\n<td><a href=\"https:\/\/ibmc.cnrs.fr\/en\/laboratoire\/arn-en\/equipes\/rna-regulation-in-viral-infections\/\" target=\"_blank\" rel=\"noopener\">Visit Site<\/a><\/td>\n<\/tr>\n<tr>\n<td>Thomas Preiss<\/td>\n<td>Australian National University<\/td>\n<td><a href=\"https:\/\/researchportalplus.anu.edu.au\/en\/persons\/thomas-preiss\/\" target=\"_blank\" rel=\"noopener\">Visit Site<\/a><\/td>\n<\/tr>\n<tr>\n<td>Alicia Rogers<\/td>\n<td>University of Texas at Arlington<\/td>\n<td><a href=\"https:\/\/www.akrogerslab.org\/\" target=\"_blank\" rel=\"noopener\">Visit Site<\/a><\/td>\n<\/tr>\n<tr>\n<td>Aldema Sas-Chen<\/td>\n<td>Tel Aviv University<\/td>\n<td><a href=\"https:\/\/saschenlab.sites.tau.ac.il\/research\" target=\"_blank\" rel=\"noopener\">Visit Site<\/a><\/td>\n<\/tr>\n<tr>\n<td>Arneet Saltzman<\/td>\n<td>University of Toronto<\/td>\n<td><a href=\"https:\/\/sites.google.com\/view\/saltzmanlab\" target=\"_blank\" rel=\"noopener\">Visit Site<\/a><\/td>\n<\/tr>\n<tr>\n<td>Anna-Lena Steckelberg<\/td>\n<td>Columbia University<\/td>\n<td><a href=\"https:\/\/www.steckelberglab.org\/\" target=\"_blank\" rel=\"noopener\">Visit Site<\/a><\/td>\n<\/tr>\n<tr>\n<td>\u0160t\u011bp\u00e1nka Va\u0148\u00e1\u010dov\u00e1<\/td>\n<td>CEITEC, Masaryk University<\/td>\n<td><a href=\"https:\/\/www.ceitec.eu\/rna-quality-control\/rg55\" target=\"_blank\" rel=\"noopener\">Visit Site<\/a><\/td>\n<\/tr>\n<tr>\n<td>Franka Voigt<\/td>\n<td>University of Zurich<\/td>\n<td><a href=\"https:\/\/voigtlab.org\/\" target=\"_blank\" rel=\"noopener\">Visit Site<\/a><\/td>\n<\/tr>\n<tr>\n<td>Chase Weidmann<\/td>\n<td>Center for RNA Biomedicine,<br \/>\nUniversity of Michigan Medical School<\/td>\n<td><a href=\"https:\/\/medschool.umich.edu\/profile\/7648\/chase-weidmann\" target=\"_blank\" rel=\"noopener\">Visit Site<\/a><\/td>\n<\/tr>\n<tr>\n<td>Steve West<\/td>\n<td>The Living Systems Institute, University of Exeter<\/td>\n<td><a href=\"https:\/\/experts.exeter.ac.uk\/26222-steven-west\/about\" target=\"_blank\" rel=\"noopener\">Visit Site<\/a><\/td>\n<\/tr>\n<tr>\n<td>Vihandha (Vi) Wickramasinghe<\/td>\n<td>Walter and Eliza Hall Institute of Medical Research, University of Melbourne<\/td>\n<td><a href=\"https:\/\/cello-tuba-hw5e.squarespace.com\/our-team\" target=\"_blank\" rel=\"noopener\">Visit Site<\/a><\/td>\n<\/tr>\n<tr>\n<td>Jessica Willi<\/td>\n<td>University of Lethbridge<\/td>\n<td><a href=\"https:\/\/www.willilab.com\/\" target=\"_blank\" rel=\"noopener\">Visit Site<\/a><\/td>\n<\/tr>\n<\/tbody>\n<\/table>\n<\/div>\n<\/div>\n<div class=\"chad-expandable\">\n<div class=\"chad-ei\"><strong>Topics<\/strong><\/div>\n<div class=\"chad-econtent\">\n<table width=\"100%\" cellspacing=\"0\" cellpadding=\"0\">\n<tbody>\n<tr>\n<td><strong>Bioinformatics<\/strong><\/td>\n<\/tr>\n<tr>\n<td><strong>Biotech and Industry Science<\/strong><\/td>\n<\/tr>\n<tr>\n<td><strong>LincRNA and circRNA<\/strong><\/td>\n<\/tr>\n<tr>\n<td><strong>New RNA-related technologies<\/strong><\/td>\n<\/tr>\n<tr>\n<td><strong>Ribosomes<\/strong><\/td>\n<\/tr>\n<tr>\n<td><strong>Ribozymes and Riboswitches<\/strong><\/td>\n<\/tr>\n<tr>\n<td><strong>RNA in Neuroscience<\/strong><\/td>\n<\/tr>\n<tr>\n<td><strong>RNA and Disease<\/strong><\/td>\n<\/tr>\n<tr>\n<td><strong>RNA condensates<\/strong><\/td>\n<\/tr>\n<tr>\n<td><strong>RNA Modification and Editing<\/strong><\/td>\n<\/tr>\n<tr>\n<td><strong>RNA Processing, Maturation and Export<\/strong><\/td>\n<\/tr>\n<tr>\n<td><strong>RNA Protein Interactions &amp; Assembly<\/strong><\/td>\n<\/tr>\n<tr>\n<td><strong>RNA Structure, Folding, Modeling<\/strong><\/td>\n<\/tr>\n<tr>\n<td><strong>RNA Surveillance and Degradation<\/strong><\/td>\n<\/tr>\n<tr>\n<td><strong>RNA Therapeutics<\/strong><\/td>\n<\/tr>\n<tr>\n<td><strong>RNA Transport, Localization and Imaging<\/strong><\/td>\n<\/tr>\n<tr>\n<td><strong>Small RNAs (including miRNAs, siRNAs, piRNAs)<\/strong><\/td>\n<\/tr>\n<tr>\n<td><strong>Splicing and Alternative Splicing-Mechanisms and Regulation<\/strong><\/td>\n<\/tr>\n<tr>\n<td><strong>Transcription, Chromatin, Epigenetics<\/strong><\/td>\n<\/tr>\n<tr>\n<td><strong>Translation- Mechanisms and Regulation (including tRNAs)<\/strong><\/td>\n<\/tr>\n<tr>\n<td><strong>Viral RNAs and Innate Immunity<\/strong><\/td>\n<\/tr>\n<\/tbody>\n<\/table>\n<\/div>\n<\/div>\n<\/div>\n<p>More information will be posted as it becomes available, so please check back.\u00a0 In the meantime, plan to attend the RNA Society\u2019s Annual Meeting in May 2026!<\/p>","protected":false},"excerpt":{"rendered":"<p>Welcome The 31st Annual Meeting of the RNA Society will be held at the Palais des Congr\u00e8s in Montr\u00e9al, Canada from May 26 &#8211; 31, 2026. Organizers: Julie Claycomb, University of Toronto Eric L\u00e9cuyer,\u00a0Institut de Recherches Cliniques de Montr\u00e9al (IRCM) &hellip; <a href=\"https:\/\/www.rnasociety.org\/conferences\/\">read more<\/a><\/p>\n","protected":false},"author":5,"featured_media":0,"parent":0,"menu_order":0,"comment_status":"closed","ping_status":"closed","template":"page_rna2026.php","meta":{"_acf_changed":false,"inline_featured_image":false,"footnotes":""},"class_list":["post-7358","page","type-page","status-publish","hentry"],"acf":[],"yoast_head":"<!-- This site is optimized with the Yoast SEO plugin v27.2 - https:\/\/yoast.com\/product\/yoast-seo-wordpress\/ -->\n<title>RNA 2026 - RNA Society<\/title>\n<meta name=\"robots\" content=\"index, follow, max-snippet:-1, max-image-preview:large, max-video-preview:-1\" \/>\n<link rel=\"canonical\" href=\"https:\/\/www.rnasociety.org\/conferences\/\" \/>\n<meta property=\"og:locale\" content=\"en_US\" \/>\n<meta property=\"og:type\" content=\"article\" \/>\n<meta property=\"og:title\" content=\"RNA 2026 - RNA Society\" \/>\n<meta property=\"og:description\" content=\"Welcome The 31st Annual Meeting of the RNA Society will be held at the Palais des Congr\u00e8s in Montr\u00e9al, Canada from May 26 &#8211; 31, 2026. Organizers: Julie Claycomb, University of Toronto Eric L\u00e9cuyer,\u00a0Institut de Recherches Cliniques de Montr\u00e9al (IRCM) &hellip; read more\" \/>\n<meta property=\"og:url\" content=\"https:\/\/www.rnasociety.org\/conferences\/\" \/>\n<meta property=\"og:site_name\" content=\"RNA Society\" \/>\n<meta property=\"article:modified_time\" content=\"2026-04-06T16:09:32+00:00\" \/>\n<meta name=\"twitter:card\" content=\"summary_large_image\" \/>\n<meta name=\"twitter:label1\" content=\"Est. reading time\" \/>\n\t<meta name=\"twitter:data1\" content=\"4 minutes\" \/>\n<script type=\"application\/ld+json\" class=\"yoast-schema-graph\">{\"@context\":\"https:\/\/schema.org\",\"@graph\":[{\"@type\":\"WebPage\",\"@id\":\"https:\/\/www.rnasociety.org\/conferences\/\",\"url\":\"https:\/\/www.rnasociety.org\/conferences\/\",\"name\":\"RNA 2026 - RNA Society\",\"isPartOf\":{\"@id\":\"https:\/\/www.rnasociety.org\/conferences\/#website\"},\"datePublished\":\"2025-10-14T15:44:01+00:00\",\"dateModified\":\"2026-04-06T16:09:32+00:00\",\"breadcrumb\":{\"@id\":\"https:\/\/www.rnasociety.org\/conferences\/#breadcrumb\"},\"inLanguage\":\"en-US\",\"potentialAction\":[{\"@type\":\"ReadAction\",\"target\":[\"https:\/\/www.rnasociety.org\/conferences\/\"]}]},{\"@type\":\"BreadcrumbList\",\"@id\":\"https:\/\/www.rnasociety.org\/conferences\/#breadcrumb\",\"itemListElement\":[{\"@type\":\"ListItem\",\"position\":1,\"name\":\"Home\",\"item\":\"https:\/\/www.rnasociety.org\/conferences\/\"},{\"@type\":\"ListItem\",\"position\":2,\"name\":\"RNA 2026\"}]},{\"@type\":\"WebSite\",\"@id\":\"https:\/\/www.rnasociety.org\/conferences\/#website\",\"url\":\"https:\/\/www.rnasociety.org\/conferences\/\",\"name\":\"The Annual Meeting of The RNA Society\",\"description\":\"\",\"publisher\":{\"@id\":\"https:\/\/www.rnasociety.org\/conferences\/#organization\"},\"potentialAction\":[{\"@type\":\"SearchAction\",\"target\":{\"@type\":\"EntryPoint\",\"urlTemplate\":\"https:\/\/www.rnasociety.org\/conferences\/?s={search_term_string}\"},\"query-input\":{\"@type\":\"PropertyValueSpecification\",\"valueRequired\":true,\"valueName\":\"search_term_string\"}}],\"inLanguage\":\"en-US\"},{\"@type\":\"Organization\",\"@id\":\"https:\/\/www.rnasociety.org\/conferences\/#organization\",\"name\":\"The RNA Society\",\"url\":\"https:\/\/www.rnasociety.org\/conferences\/\",\"logo\":{\"@type\":\"ImageObject\",\"inLanguage\":\"en-US\",\"@id\":\"https:\/\/www.rnasociety.org\/conferences\/#\/schema\/logo\/image\/\",\"url\":\"https:\/\/www.rnasociety.org\/conferences\/wp-content\/uploads\/2026\/03\/Logo-RNA-Society.svg\",\"contentUrl\":\"https:\/\/www.rnasociety.org\/conferences\/wp-content\/uploads\/2026\/03\/Logo-RNA-Society.svg\",\"width\":100,\"height\":100,\"caption\":\"The RNA Society\"},\"image\":{\"@id\":\"https:\/\/www.rnasociety.org\/conferences\/#\/schema\/logo\/image\/\"}}]}<\/script>\n<!-- \/ Yoast SEO plugin. -->","yoast_head_json":{"title":"RNA 2026 - RNA Society","robots":{"index":"index","follow":"follow","max-snippet":"max-snippet:-1","max-image-preview":"max-image-preview:large","max-video-preview":"max-video-preview:-1"},"canonical":"https:\/\/www.rnasociety.org\/conferences\/","og_locale":"en_US","og_type":"article","og_title":"RNA 2026 - RNA Society","og_description":"Welcome The 31st Annual Meeting of the RNA Society will be held at the Palais des Congr\u00e8s in Montr\u00e9al, Canada from May 26 &#8211; 31, 2026. Organizers: Julie Claycomb, University of Toronto Eric L\u00e9cuyer,\u00a0Institut de Recherches Cliniques de Montr\u00e9al (IRCM) &hellip; read more","og_url":"https:\/\/www.rnasociety.org\/conferences\/","og_site_name":"RNA Society","article_modified_time":"2026-04-06T16:09:32+00:00","twitter_card":"summary_large_image","twitter_misc":{"Est. reading time":"4 minutes"},"schema":{"@context":"https:\/\/schema.org","@graph":[{"@type":"WebPage","@id":"https:\/\/www.rnasociety.org\/conferences\/","url":"https:\/\/www.rnasociety.org\/conferences\/","name":"RNA 2026 - RNA Society","isPartOf":{"@id":"https:\/\/www.rnasociety.org\/conferences\/#website"},"datePublished":"2025-10-14T15:44:01+00:00","dateModified":"2026-04-06T16:09:32+00:00","breadcrumb":{"@id":"https:\/\/www.rnasociety.org\/conferences\/#breadcrumb"},"inLanguage":"en-US","potentialAction":[{"@type":"ReadAction","target":["https:\/\/www.rnasociety.org\/conferences\/"]}]},{"@type":"BreadcrumbList","@id":"https:\/\/www.rnasociety.org\/conferences\/#breadcrumb","itemListElement":[{"@type":"ListItem","position":1,"name":"Home","item":"https:\/\/www.rnasociety.org\/conferences\/"},{"@type":"ListItem","position":2,"name":"RNA 2026"}]},{"@type":"WebSite","@id":"https:\/\/www.rnasociety.org\/conferences\/#website","url":"https:\/\/www.rnasociety.org\/conferences\/","name":"The Annual Meeting of The RNA Society","description":"","publisher":{"@id":"https:\/\/www.rnasociety.org\/conferences\/#organization"},"potentialAction":[{"@type":"SearchAction","target":{"@type":"EntryPoint","urlTemplate":"https:\/\/www.rnasociety.org\/conferences\/?s={search_term_string}"},"query-input":{"@type":"PropertyValueSpecification","valueRequired":true,"valueName":"search_term_string"}}],"inLanguage":"en-US"},{"@type":"Organization","@id":"https:\/\/www.rnasociety.org\/conferences\/#organization","name":"The RNA Society","url":"https:\/\/www.rnasociety.org\/conferences\/","logo":{"@type":"ImageObject","inLanguage":"en-US","@id":"https:\/\/www.rnasociety.org\/conferences\/#\/schema\/logo\/image\/","url":"https:\/\/www.rnasociety.org\/conferences\/wp-content\/uploads\/2026\/03\/Logo-RNA-Society.svg","contentUrl":"https:\/\/www.rnasociety.org\/conferences\/wp-content\/uploads\/2026\/03\/Logo-RNA-Society.svg","width":100,"height":100,"caption":"The RNA Society"},"image":{"@id":"https:\/\/www.rnasociety.org\/conferences\/#\/schema\/logo\/image\/"}}]}},"_links":{"self":[{"href":"https:\/\/www.rnasociety.org\/conferences\/wp-json\/wp\/v2\/pages\/7358","targetHints":{"allow":["GET"]}}],"collection":[{"href":"https:\/\/www.rnasociety.org\/conferences\/wp-json\/wp\/v2\/pages"}],"about":[{"href":"https:\/\/www.rnasociety.org\/conferences\/wp-json\/wp\/v2\/types\/page"}],"author":[{"embeddable":true,"href":"https:\/\/www.rnasociety.org\/conferences\/wp-json\/wp\/v2\/users\/5"}],"replies":[{"embeddable":true,"href":"https:\/\/www.rnasociety.org\/conferences\/wp-json\/wp\/v2\/comments?post=7358"}],"version-history":[{"count":22,"href":"https:\/\/www.rnasociety.org\/conferences\/wp-json\/wp\/v2\/pages\/7358\/revisions"}],"predecessor-version":[{"id":7580,"href":"https:\/\/www.rnasociety.org\/conferences\/wp-json\/wp\/v2\/pages\/7358\/revisions\/7580"}],"wp:attachment":[{"href":"https:\/\/www.rnasociety.org\/conferences\/wp-json\/wp\/v2\/media?parent=7358"}],"curies":[{"name":"wp","href":"https:\/\/api.w.org\/{rel}","templated":true}]}}