{"id":4663,"date":"2019-01-03T12:00:05","date_gmt":"2019-01-03T19:00:05","guid":{"rendered":"http:\/\/rnasociety.org\/conferences\/?page_id=4663"},"modified":"2019-05-28T10:57:03","modified_gmt":"2019-05-28T16:57:03","slug":"useful-information","status":"publish","type":"page","link":"https:\/\/www.rnasociety.org\/conferences\/rna-2019\/useful-information\/","title":{"rendered":"Useful Information"},"content":{"rendered":"<h1>Useful<br \/>\nInformation<\/h1>\n<h2>AIRPORT TRANSFERS<\/h2>\n<p>Book transfers direct to your hotel in advance through Artur Travel. Advance reservations: <a href=\"https:\/\/docs.google.com\/forms\/d\/e\/1FAIpQLSc196OfS862G9ClhZ1D92AE2NvlKp8lPBndsj1HrLbl9t3Z4g\/viewform\" target=\"_blank\" rel=\"noopener\"><img loading=\"lazy\" decoding=\"async\" class=\"alignnone wp-image-5099 size-full\" src=\"http:\/\/rnasociety.org\/conferences\/wp-content\/uploads\/2019\/05\/Artur-Travel-logo.gif\" alt=\"\" width=\"70\" height=\"66\" \/><\/a><\/p>\n<h2>Time<\/h2>\n<p>Time in Poland is GMT+1 (winter), GMT+2 (summer).<br \/>\n<canvas id=\"canvas_tt5c2e5bda974a0\" width=\"125\" height=\"125\"><\/canvas><\/p>\n<p><a id=\"tz24-1546542042-c214891-eyJiZ2NvbG9yIjoiRkZGRkZGIiwibGFuZyI6ImVuIiwidHlwZSI6ImEiLCJzaXplIjoiMTI1IiwiY2FudmFzX2lkIjoiY2FudmFzX3R0NWMyZTViZGE5NzRhMCJ9\" class=\"clock24\" style=\"text-decoration: none;\" title=\"Time in Krakow\" href=\"http:\/\/24timezones.com\/current_time\/poland_krakow_clock.php\" target=\"_blank\" rel=\"noopener\">Time in Krakow<\/a><\/p>\n<p><script type=\"text\/javascript\" src=\"\/\/w.24timezones.com\/l.js\" async><\/script><\/p>\n<h2>Climate<\/h2>\n<p>The Polish climate is transitional between maritime and continental. The weather is rather changeable and is likely to surprise. In June, however, the weather should be nice and sunny.<br \/>\nThe current weather forecast for Krak\u00f3w can be checked at: <a href=\"https:\/\/www.bbc.com\/weather\/3094802\" target=\"_blank\" rel=\"noopener\"> <img loading=\"lazy\" decoding=\"async\" class=\"alignnone size-full wp-image-4668\" src=\"http:\/\/rnasociety.org\/conferences\/wp-content\/uploads\/2019\/01\/cloud.png\" alt=\"\" width=\"34\" height=\"25\" \/> <\/a><\/p>\n<h2>Currency<\/h2>\n<p>The official currency in Poland is the Polish Zloty (PLN). For your rough calculation: 1 EUR equals approx. 4.3 PLN, 1 USD equals approx. 3.8 PLN.<\/p>\n<p>To check the current Polish Zloty (PLN) exchange rate go to the website of\u00a0<strong>the National Bank of Poland<\/strong>.<a href=\"https:\/\/www.nbp.pl\/homen.aspx?f=\/srodeken.htm\" target=\"_blank\" rel=\"noopener\"> <img loading=\"lazy\" decoding=\"async\" class=\"alignnone size-full wp-image-4671\" src=\"http:\/\/rnasociety.org\/conferences\/wp-content\/uploads\/2019\/01\/bank.png\" alt=\"\" width=\"27\" height=\"25\" \/> <\/a><\/p>\n<p>Polish zlotys can be obtained from one of many ATMs easily available everywhere in the city. Foreign currency may be also exchanged in banks and exchange offices at airports, railway stations and hotels.<\/p>\n<h2>Credit cards<\/h2>\n<p>Major credit cards such as Visa and MasterCard are widely accepted. American Express is also accepted but to a lesser extent.<\/p>\n<h2>Electricity<\/h2>\n<p>Electricity in Poland is 230V. Electrical outlets in Poland are 2P+Z type.<\/p>\n<h2>Tram and bus transportation<\/h2>\n<p><strong>All RNA 2019 participants can enjoy free city transportation sponsored by the Mayor of the City of Krak\u00f3w.<\/strong> Affixed on the back of your meeting badge will be a sticker to serve as a ticket for all buses and trams within the Krak\u00f3w city between June 11 and June 16.<\/p>\n<p>To plan your trip by public transport in Krak\u00f3w use: <a href=\"https:\/\/jakdojade.pl\/krakow\/trasa\/\" target=\"_blank\" rel=\"noopener\"> <img loading=\"lazy\" decoding=\"async\" class=\"alignnone size-full wp-image-4656\" src=\"http:\/\/rnasociety.org\/conferences\/wp-content\/uploads\/2019\/01\/train.png\" alt=\"\" width=\"22\" height=\"25\" \/> <\/a><\/p>\n<h2>Taxi service<\/h2>\n<p>There are several taxi companies operating in Krak\u00f3w. Cabs are easily available within the city of Krak\u00f3w. You will find cabs waiting for passengers outside the Krak\u00f3w airport and at the Krak\u00f3w Main Railway Station (Krak\u00f3w G\u0142\u00f3wny). To get a cab from any location you can use smartphone applications. Note that <strong>Uber legally operates in Poland<\/strong> so you can use your Uber application to order a ride.<\/p>\n<p>Two reliable Krak\u00f3w taxi companies that use web applications are:<\/p>\n<p><strong>mytaxi<\/strong>: <a href=\"https:\/\/de.mytaxi.com\/en\/index.html\"> <img loading=\"lazy\" decoding=\"async\" class=\"alignnone size-full wp-image-4658\" src=\"http:\/\/rnasociety.org\/conferences\/wp-content\/uploads\/2019\/01\/car.png\" alt=\"\" width=\"25\" height=\"20\" \/> <\/a><\/p>\n<p><strong>iTaxi<\/strong>: <a href=\"https:\/\/itaxi.pl\/english\/\"> <img loading=\"lazy\" decoding=\"async\" class=\"alignnone size-full wp-image-4658\" src=\"http:\/\/rnasociety.org\/conferences\/wp-content\/uploads\/2019\/01\/car.png\" alt=\"\" width=\"25\" height=\"20\" \/> <\/a><\/p>","protected":false},"excerpt":{"rendered":"<p>Useful Information AIRPORT TRANSFERS Book transfers direct to your hotel in advance through Artur Travel. Advance reservations: Time Time in Poland is GMT+1 (winter), GMT+2 (summer). Time in Krakow Climate The Polish climate is transitional between maritime and continental. The &hellip; <a href=\"https:\/\/www.rnasociety.org\/conferences\/rna-2019\/useful-information\/\">read more<\/a><\/p>\n","protected":false},"author":1,"featured_media":0,"parent":4375,"menu_order":0,"comment_status":"closed","ping_status":"closed","template":"page_rna2019.php","meta":{"_acf_changed":false,"inline_featured_image":false,"footnotes":""},"class_list":["post-4663","page","type-page","status-publish","hentry"],"acf":[],"yoast_head":"<!-- This site is optimized with the Yoast SEO plugin v27.4 - https:\/\/yoast.com\/product\/yoast-seo-wordpress\/ -->\n<title>Useful Information - RNA Society<\/title>\n<meta name=\"robots\" content=\"index, follow, max-snippet:-1, max-image-preview:large, max-video-preview:-1\" \/>\n<link rel=\"canonical\" href=\"https:\/\/www.rnasociety.org\/conferences\/rna-2019\/useful-information\/\" \/>\n<meta property=\"og:locale\" content=\"en_US\" \/>\n<meta property=\"og:type\" content=\"article\" \/>\n<meta property=\"og:title\" content=\"Useful Information - RNA Society\" \/>\n<meta property=\"og:description\" content=\"Useful Information AIRPORT TRANSFERS Book transfers direct to your hotel in advance through Artur Travel. Advance reservations: Time Time in Poland is GMT+1 (winter), GMT+2 (summer). Time in Krakow Climate The Polish climate is transitional between maritime and continental. The &hellip; read more\" \/>\n<meta property=\"og:url\" content=\"https:\/\/www.rnasociety.org\/conferences\/rna-2019\/useful-information\/\" \/>\n<meta property=\"og:site_name\" content=\"RNA Society\" \/>\n<meta property=\"article:modified_time\" content=\"2019-05-28T16:57:03+00:00\" \/>\n<meta property=\"og:image\" content=\"https:\/\/www.rnasociety.org\/conferences\/wp-content\/uploads\/2019\/05\/Artur-Travel-logo.gif\" \/>\n\t<meta property=\"og:image:width\" content=\"70\" \/>\n\t<meta property=\"og:image:height\" content=\"66\" \/>\n\t<meta property=\"og:image:type\" content=\"image\/gif\" \/>\n<meta name=\"twitter:card\" content=\"summary_large_image\" \/>\n<meta name=\"twitter:label1\" content=\"Est. reading time\" \/>\n\t<meta name=\"twitter:data1\" content=\"2 minutes\" \/>\n<script type=\"application\/ld+json\" class=\"yoast-schema-graph\">{\"@context\":\"https:\\\/\\\/schema.org\",\"@graph\":[{\"@type\":\"WebPage\",\"@id\":\"https:\\\/\\\/www.rnasociety.org\\\/conferences\\\/rna-2019\\\/useful-information\\\/\",\"url\":\"https:\\\/\\\/www.rnasociety.org\\\/conferences\\\/rna-2019\\\/useful-information\\\/\",\"name\":\"Useful Information - RNA Society\",\"isPartOf\":{\"@id\":\"https:\\\/\\\/www.rnasociety.org\\\/conferences\\\/#website\"},\"primaryImageOfPage\":{\"@id\":\"https:\\\/\\\/www.rnasociety.org\\\/conferences\\\/rna-2019\\\/useful-information\\\/#primaryimage\"},\"image\":{\"@id\":\"https:\\\/\\\/www.rnasociety.org\\\/conferences\\\/rna-2019\\\/useful-information\\\/#primaryimage\"},\"thumbnailUrl\":\"http:\\\/\\\/rnasociety.org\\\/conferences\\\/wp-content\\\/uploads\\\/2019\\\/05\\\/Artur-Travel-logo.gif\",\"datePublished\":\"2019-01-03T19:00:05+00:00\",\"dateModified\":\"2019-05-28T16:57:03+00:00\",\"breadcrumb\":{\"@id\":\"https:\\\/\\\/www.rnasociety.org\\\/conferences\\\/rna-2019\\\/useful-information\\\/#breadcrumb\"},\"inLanguage\":\"en-US\",\"potentialAction\":[{\"@type\":\"ReadAction\",\"target\":[\"https:\\\/\\\/www.rnasociety.org\\\/conferences\\\/rna-2019\\\/useful-information\\\/\"]}]},{\"@type\":\"ImageObject\",\"inLanguage\":\"en-US\",\"@id\":\"https:\\\/\\\/www.rnasociety.org\\\/conferences\\\/rna-2019\\\/useful-information\\\/#primaryimage\",\"url\":\"http:\\\/\\\/rnasociety.org\\\/conferences\\\/wp-content\\\/uploads\\\/2019\\\/05\\\/Artur-Travel-logo.gif\",\"contentUrl\":\"http:\\\/\\\/rnasociety.org\\\/conferences\\\/wp-content\\\/uploads\\\/2019\\\/05\\\/Artur-Travel-logo.gif\"},{\"@type\":\"BreadcrumbList\",\"@id\":\"https:\\\/\\\/www.rnasociety.org\\\/conferences\\\/rna-2019\\\/useful-information\\\/#breadcrumb\",\"itemListElement\":[{\"@type\":\"ListItem\",\"position\":1,\"name\":\"Home\",\"item\":\"https:\\\/\\\/www.rnasociety.org\\\/conferences\\\/\"},{\"@type\":\"ListItem\",\"position\":2,\"name\":\"RNA 2019\",\"item\":\"https:\\\/\\\/www.rnasociety.org\\\/conferences\\\/rna-2019\\\/\"},{\"@type\":\"ListItem\",\"position\":3,\"name\":\"Useful Information\"}]},{\"@type\":\"WebSite\",\"@id\":\"https:\\\/\\\/www.rnasociety.org\\\/conferences\\\/#website\",\"url\":\"https:\\\/\\\/www.rnasociety.org\\\/conferences\\\/\",\"name\":\"The Annual Meeting of The RNA Society\",\"description\":\"\",\"publisher\":{\"@id\":\"https:\\\/\\\/www.rnasociety.org\\\/conferences\\\/#organization\"},\"potentialAction\":[{\"@type\":\"SearchAction\",\"target\":{\"@type\":\"EntryPoint\",\"urlTemplate\":\"https:\\\/\\\/www.rnasociety.org\\\/conferences\\\/?s={search_term_string}\"},\"query-input\":{\"@type\":\"PropertyValueSpecification\",\"valueRequired\":true,\"valueName\":\"search_term_string\"}}],\"inLanguage\":\"en-US\"},{\"@type\":\"Organization\",\"@id\":\"https:\\\/\\\/www.rnasociety.org\\\/conferences\\\/#organization\",\"name\":\"The RNA Society\",\"url\":\"https:\\\/\\\/www.rnasociety.org\\\/conferences\\\/\",\"logo\":{\"@type\":\"ImageObject\",\"inLanguage\":\"en-US\",\"@id\":\"https:\\\/\\\/www.rnasociety.org\\\/conferences\\\/#\\\/schema\\\/logo\\\/image\\\/\",\"url\":\"https:\\\/\\\/www.rnasociety.org\\\/conferences\\\/wp-content\\\/uploads\\\/2026\\\/03\\\/Logo-RNA-Society.svg\",\"contentUrl\":\"https:\\\/\\\/www.rnasociety.org\\\/conferences\\\/wp-content\\\/uploads\\\/2026\\\/03\\\/Logo-RNA-Society.svg\",\"width\":100,\"height\":100,\"caption\":\"The RNA Society\"},\"image\":{\"@id\":\"https:\\\/\\\/www.rnasociety.org\\\/conferences\\\/#\\\/schema\\\/logo\\\/image\\\/\"}}]}<\/script>\n<!-- \/ Yoast SEO plugin. -->","yoast_head_json":{"title":"Useful Information - RNA Society","robots":{"index":"index","follow":"follow","max-snippet":"max-snippet:-1","max-image-preview":"max-image-preview:large","max-video-preview":"max-video-preview:-1"},"canonical":"https:\/\/www.rnasociety.org\/conferences\/rna-2019\/useful-information\/","og_locale":"en_US","og_type":"article","og_title":"Useful Information - RNA Society","og_description":"Useful Information AIRPORT TRANSFERS Book transfers direct to your hotel in advance through Artur Travel. Advance reservations: Time Time in Poland is GMT+1 (winter), GMT+2 (summer). Time in Krakow Climate The Polish climate is transitional between maritime and continental. The &hellip; read more","og_url":"https:\/\/www.rnasociety.org\/conferences\/rna-2019\/useful-information\/","og_site_name":"RNA Society","article_modified_time":"2019-05-28T16:57:03+00:00","og_image":[{"width":70,"height":66,"url":"https:\/\/www.rnasociety.org\/conferences\/wp-content\/uploads\/2019\/05\/Artur-Travel-logo.gif","type":"image\/gif"}],"twitter_card":"summary_large_image","twitter_misc":{"Est. reading time":"2 minutes"},"schema":{"@context":"https:\/\/schema.org","@graph":[{"@type":"WebPage","@id":"https:\/\/www.rnasociety.org\/conferences\/rna-2019\/useful-information\/","url":"https:\/\/www.rnasociety.org\/conferences\/rna-2019\/useful-information\/","name":"Useful Information - RNA Society","isPartOf":{"@id":"https:\/\/www.rnasociety.org\/conferences\/#website"},"primaryImageOfPage":{"@id":"https:\/\/www.rnasociety.org\/conferences\/rna-2019\/useful-information\/#primaryimage"},"image":{"@id":"https:\/\/www.rnasociety.org\/conferences\/rna-2019\/useful-information\/#primaryimage"},"thumbnailUrl":"http:\/\/rnasociety.org\/conferences\/wp-content\/uploads\/2019\/05\/Artur-Travel-logo.gif","datePublished":"2019-01-03T19:00:05+00:00","dateModified":"2019-05-28T16:57:03+00:00","breadcrumb":{"@id":"https:\/\/www.rnasociety.org\/conferences\/rna-2019\/useful-information\/#breadcrumb"},"inLanguage":"en-US","potentialAction":[{"@type":"ReadAction","target":["https:\/\/www.rnasociety.org\/conferences\/rna-2019\/useful-information\/"]}]},{"@type":"ImageObject","inLanguage":"en-US","@id":"https:\/\/www.rnasociety.org\/conferences\/rna-2019\/useful-information\/#primaryimage","url":"http:\/\/rnasociety.org\/conferences\/wp-content\/uploads\/2019\/05\/Artur-Travel-logo.gif","contentUrl":"http:\/\/rnasociety.org\/conferences\/wp-content\/uploads\/2019\/05\/Artur-Travel-logo.gif"},{"@type":"BreadcrumbList","@id":"https:\/\/www.rnasociety.org\/conferences\/rna-2019\/useful-information\/#breadcrumb","itemListElement":[{"@type":"ListItem","position":1,"name":"Home","item":"https:\/\/www.rnasociety.org\/conferences\/"},{"@type":"ListItem","position":2,"name":"RNA 2019","item":"https:\/\/www.rnasociety.org\/conferences\/rna-2019\/"},{"@type":"ListItem","position":3,"name":"Useful Information"}]},{"@type":"WebSite","@id":"https:\/\/www.rnasociety.org\/conferences\/#website","url":"https:\/\/www.rnasociety.org\/conferences\/","name":"The Annual Meeting of The RNA Society","description":"","publisher":{"@id":"https:\/\/www.rnasociety.org\/conferences\/#organization"},"potentialAction":[{"@type":"SearchAction","target":{"@type":"EntryPoint","urlTemplate":"https:\/\/www.rnasociety.org\/conferences\/?s={search_term_string}"},"query-input":{"@type":"PropertyValueSpecification","valueRequired":true,"valueName":"search_term_string"}}],"inLanguage":"en-US"},{"@type":"Organization","@id":"https:\/\/www.rnasociety.org\/conferences\/#organization","name":"The RNA Society","url":"https:\/\/www.rnasociety.org\/conferences\/","logo":{"@type":"ImageObject","inLanguage":"en-US","@id":"https:\/\/www.rnasociety.org\/conferences\/#\/schema\/logo\/image\/","url":"https:\/\/www.rnasociety.org\/conferences\/wp-content\/uploads\/2026\/03\/Logo-RNA-Society.svg","contentUrl":"https:\/\/www.rnasociety.org\/conferences\/wp-content\/uploads\/2026\/03\/Logo-RNA-Society.svg","width":100,"height":100,"caption":"The RNA Society"},"image":{"@id":"https:\/\/www.rnasociety.org\/conferences\/#\/schema\/logo\/image\/"}}]}},"_links":{"self":[{"href":"https:\/\/www.rnasociety.org\/conferences\/wp-json\/wp\/v2\/pages\/4663","targetHints":{"allow":["GET"]}}],"collection":[{"href":"https:\/\/www.rnasociety.org\/conferences\/wp-json\/wp\/v2\/pages"}],"about":[{"href":"https:\/\/www.rnasociety.org\/conferences\/wp-json\/wp\/v2\/types\/page"}],"author":[{"embeddable":true,"href":"https:\/\/www.rnasociety.org\/conferences\/wp-json\/wp\/v2\/users\/1"}],"replies":[{"embeddable":true,"href":"https:\/\/www.rnasociety.org\/conferences\/wp-json\/wp\/v2\/comments?post=4663"}],"version-history":[{"count":0,"href":"https:\/\/www.rnasociety.org\/conferences\/wp-json\/wp\/v2\/pages\/4663\/revisions"}],"up":[{"embeddable":true,"href":"https:\/\/www.rnasociety.org\/conferences\/wp-json\/wp\/v2\/pages\/4375"}],"wp:attachment":[{"href":"https:\/\/www.rnasociety.org\/conferences\/wp-json\/wp\/v2\/media?parent=4663"}],"curies":[{"name":"wp","href":"https:\/\/api.w.org\/{rel}","templated":true}]}}