{"id":4651,"date":"2019-01-03T11:53:43","date_gmt":"2019-01-03T18:53:43","guid":{"rendered":"http:\/\/rnasociety.org\/conferences\/?page_id=4651"},"modified":"2019-06-07T11:02:33","modified_gmt":"2019-06-07T17:02:33","slug":"getting-to-krakow","status":"publish","type":"page","link":"https:\/\/www.rnasociety.org\/conferences\/rna-2019\/getting-to-krakow\/","title":{"rendered":"Getting to Krakow"},"content":{"rendered":"<h1>Getting to<br \/>\nKrak\u00f3w<\/h1>\n<h2><strong>By plane<\/strong><\/h2>\n<p>The International Krak\u00f3w Airport (KRK &#8211; John Paul II, in Balice) is situated approximately 11 km from the city center. The network of airline routes from the Krak\u00f3w Airport includes most European capitals and the largest airline hubs.<\/p>\n<p>More information: <a href=\"http:\/\/www.krakowairport.pl\/en\/\" target=\"_blank\" rel=\"noopener\"> <img loading=\"lazy\" decoding=\"async\" class=\"alignnone size-full wp-image-4652\" src=\"http:\/\/rnasociety.org\/conferences\/wp-content\/uploads\/2019\/01\/plane.png\" alt=\"\" width=\"20\" height=\"20\" \/><\/a><\/p>\n<p>Special Krak\u00f3w Airport cabs can be found outside the arrival area. The trip to the city center will take 20 &#8211; 30 minutes and will cost 90 PLN. You are also welcome to order a cab from your favorite company.<\/p>\n<p>Book transfers direct to your hotel in advance through Artur Travel. Advance reservations: <a href=\"https:\/\/docs.google.com\/forms\/d\/e\/1FAIpQLSc196OfS862G9ClhZ1D92AE2NvlKp8lPBndsj1HrLbl9t3Z4g\/viewform\" target=\"_blank\" rel=\"noopener\"><img loading=\"lazy\" decoding=\"async\" style=\"margin-right:100px\" class=\"wp-image-5099 size-full alignright\" src=\"http:\/\/rnasociety.org\/conferences\/wp-content\/uploads\/2019\/05\/Artur-Travel-logo.gif\" alt=\"\" width=\"70\" height=\"66\" \/><\/a><br \/>\nBookings for airport transfers will close on Saturday, 8 June at 23:59 Krakow time.<\/p>\n<h2><strong>By train<\/strong><\/h2>\n<p>The Main Railway Station (Krak\u00f3w G\u0142\u00f3wny) is conveniently situated in the northern part of the Old Town. The city has direct train connections with most of cities in Poland. There are also convenient direct railway connections with cities in Germany, Hungary, Austria and the Czech Republic.<\/p>\n<p>There are several daily fast train connections with Warsaw (the capital city of Poland). The journey takes a little over 2 hours.<\/p>\n<p>More information:\u00a0 <a href=\"https:\/\/portalpasazera.pl\/en\/\" target=\"_blank\" rel=\"noopener\"> <img loading=\"lazy\" decoding=\"async\" class=\"alignnone size-full wp-image-4656\" src=\"http:\/\/rnasociety.org\/conferences\/wp-content\/uploads\/2019\/01\/train.png\" alt=\"\" width=\"17\" height=\"20\" \/> <\/a><\/p>\n<p>If you want to take a cab from the Krak\u00f3w Main Railway Station to your hotel please take an elevator from the platform where your train arrived (Level 0) to Level 1 (Parking) where you will see cabs waiting for passengers. You can also use a smartphone app to order a cab from a company of your choice. The main hall of the station with box offices, shops, etc. is located at the level -1. You can use stairs to go there from each platform or you can use elevators.<\/p>\n<h2><strong>By bus<\/strong><\/h2>\n<p>The main bus station is situated next to the Main Railway Station (Krak\u00f3w G\u0142\u00f3wny). Popular international connections to and from Krak\u00f3w are: Berlin, Budapest, Prague and Vienna.<\/p>\n<p>More information:\u00a0\u00a0<a href=\"https:\/\/www.checkmybus.co.uk\/krakow\" target=\"_blank\" rel=\"noopener\"><img loading=\"lazy\" decoding=\"async\" class=\"alignnone size-full wp-image-4732\" src=\"http:\/\/rnasociety.org\/conferences\/wp-content\/uploads\/2019\/01\/bus.png\" alt=\"\" width=\"17\" height=\"20\" \/><\/a><\/p>\n<h2><strong>By car<\/strong><\/h2>\n<p>Many national roads intersect in Krak\u00f3w, among others the A4 highway that runs directly from the German border.<\/p>\n<h2><strong>Taxi service in the city<\/strong><\/h2>\n<p>There are several taxi companies operating in Krak\u00f3w. They are easy to find within the city. You can find cabs standing outside the Krak\u00f3w airport and at the Krak\u00f3w Main Railway Station. To order a cab from any location you can use smartphone applications.<\/p>\n<p>Note that <strong>UBER<\/strong> legally operates in Poland so you can use your Uber application to order a ride.<\/p>\n<p>Two reliable Krak\u00f3w taxi companies with easy to use web applications are:<\/p>\n<p><strong>mytaxi:<\/strong> <a href=\"https:\/\/de.mytaxi.com\/en\/index.html\" target=\"_blank\" rel=\"noopener\"> <img loading=\"lazy\" decoding=\"async\" class=\"alignnone size-full wp-image-4658\" src=\"http:\/\/rnasociety.org\/conferences\/wp-content\/uploads\/2019\/01\/car.png\" alt=\"\" width=\"25\" height=\"20\" \/> <\/a><\/p>\n<p><strong>iTaxi:<\/strong> <a href=\"https:\/\/itaxi.pl\/english\/\" target=\"_blank\" rel=\"noopener\"> <img loading=\"lazy\" decoding=\"async\" class=\"alignnone size-full wp-image-4658\" src=\"http:\/\/rnasociety.org\/conferences\/wp-content\/uploads\/2019\/01\/car.png\" alt=\"\" width=\"25\" height=\"20\" \/> <\/a><\/p>","protected":false},"excerpt":{"rendered":"<p>Getting to Krak\u00f3w By plane The International Krak\u00f3w Airport (KRK &#8211; John Paul II, in Balice) is situated approximately 11 km from the city center. The network of airline routes from the Krak\u00f3w Airport includes most European capitals and the &hellip; <a href=\"https:\/\/www.rnasociety.org\/conferences\/rna-2019\/getting-to-krakow\/\">read more<\/a><\/p>\n","protected":false},"author":1,"featured_media":0,"parent":4375,"menu_order":0,"comment_status":"closed","ping_status":"closed","template":"page_rna2019.php","meta":{"_acf_changed":false,"inline_featured_image":false,"footnotes":""},"class_list":["post-4651","page","type-page","status-publish","hentry"],"acf":[],"yoast_head":"<!-- This site is optimized with the Yoast SEO plugin v27.4 - https:\/\/yoast.com\/product\/yoast-seo-wordpress\/ -->\n<title>Getting to Krakow - RNA Society<\/title>\n<meta name=\"robots\" content=\"index, follow, max-snippet:-1, max-image-preview:large, max-video-preview:-1\" \/>\n<link rel=\"canonical\" href=\"https:\/\/www.rnasociety.org\/conferences\/rna-2019\/getting-to-krakow\/\" \/>\n<meta property=\"og:locale\" content=\"en_US\" \/>\n<meta property=\"og:type\" content=\"article\" \/>\n<meta property=\"og:title\" content=\"Getting to Krakow - RNA Society\" \/>\n<meta property=\"og:description\" content=\"Getting to Krak\u00f3w By plane The International Krak\u00f3w Airport (KRK &#8211; John Paul II, in Balice) is situated approximately 11 km from the city center. The network of airline routes from the Krak\u00f3w Airport includes most European capitals and the &hellip; read more\" \/>\n<meta property=\"og:url\" content=\"https:\/\/www.rnasociety.org\/conferences\/rna-2019\/getting-to-krakow\/\" \/>\n<meta property=\"og:site_name\" content=\"RNA Society\" \/>\n<meta property=\"article:modified_time\" content=\"2019-06-07T17:02:33+00:00\" \/>\n<meta property=\"og:image\" content=\"https:\/\/www.rnasociety.org\/conferences\/wp-content\/uploads\/2019\/01\/plane.png\" \/>\n\t<meta property=\"og:image:width\" content=\"79\" \/>\n\t<meta property=\"og:image:height\" content=\"79\" \/>\n\t<meta property=\"og:image:type\" content=\"image\/png\" \/>\n<meta name=\"twitter:card\" content=\"summary_large_image\" \/>\n<meta name=\"twitter:label1\" content=\"Est. reading time\" \/>\n\t<meta name=\"twitter:data1\" content=\"2 minutes\" \/>\n<script type=\"application\/ld+json\" class=\"yoast-schema-graph\">{\"@context\":\"https:\\\/\\\/schema.org\",\"@graph\":[{\"@type\":\"WebPage\",\"@id\":\"https:\\\/\\\/www.rnasociety.org\\\/conferences\\\/rna-2019\\\/getting-to-krakow\\\/\",\"url\":\"https:\\\/\\\/www.rnasociety.org\\\/conferences\\\/rna-2019\\\/getting-to-krakow\\\/\",\"name\":\"Getting to Krakow - RNA Society\",\"isPartOf\":{\"@id\":\"https:\\\/\\\/www.rnasociety.org\\\/conferences\\\/#website\"},\"primaryImageOfPage\":{\"@id\":\"https:\\\/\\\/www.rnasociety.org\\\/conferences\\\/rna-2019\\\/getting-to-krakow\\\/#primaryimage\"},\"image\":{\"@id\":\"https:\\\/\\\/www.rnasociety.org\\\/conferences\\\/rna-2019\\\/getting-to-krakow\\\/#primaryimage\"},\"thumbnailUrl\":\"http:\\\/\\\/rnasociety.org\\\/conferences\\\/wp-content\\\/uploads\\\/2019\\\/01\\\/plane.png\",\"datePublished\":\"2019-01-03T18:53:43+00:00\",\"dateModified\":\"2019-06-07T17:02:33+00:00\",\"breadcrumb\":{\"@id\":\"https:\\\/\\\/www.rnasociety.org\\\/conferences\\\/rna-2019\\\/getting-to-krakow\\\/#breadcrumb\"},\"inLanguage\":\"en-US\",\"potentialAction\":[{\"@type\":\"ReadAction\",\"target\":[\"https:\\\/\\\/www.rnasociety.org\\\/conferences\\\/rna-2019\\\/getting-to-krakow\\\/\"]}]},{\"@type\":\"ImageObject\",\"inLanguage\":\"en-US\",\"@id\":\"https:\\\/\\\/www.rnasociety.org\\\/conferences\\\/rna-2019\\\/getting-to-krakow\\\/#primaryimage\",\"url\":\"http:\\\/\\\/rnasociety.org\\\/conferences\\\/wp-content\\\/uploads\\\/2019\\\/01\\\/plane.png\",\"contentUrl\":\"http:\\\/\\\/rnasociety.org\\\/conferences\\\/wp-content\\\/uploads\\\/2019\\\/01\\\/plane.png\"},{\"@type\":\"BreadcrumbList\",\"@id\":\"https:\\\/\\\/www.rnasociety.org\\\/conferences\\\/rna-2019\\\/getting-to-krakow\\\/#breadcrumb\",\"itemListElement\":[{\"@type\":\"ListItem\",\"position\":1,\"name\":\"Home\",\"item\":\"https:\\\/\\\/www.rnasociety.org\\\/conferences\\\/\"},{\"@type\":\"ListItem\",\"position\":2,\"name\":\"RNA 2019\",\"item\":\"https:\\\/\\\/www.rnasociety.org\\\/conferences\\\/rna-2019\\\/\"},{\"@type\":\"ListItem\",\"position\":3,\"name\":\"Getting to Krakow\"}]},{\"@type\":\"WebSite\",\"@id\":\"https:\\\/\\\/www.rnasociety.org\\\/conferences\\\/#website\",\"url\":\"https:\\\/\\\/www.rnasociety.org\\\/conferences\\\/\",\"name\":\"The Annual Meeting of The RNA Society\",\"description\":\"\",\"publisher\":{\"@id\":\"https:\\\/\\\/www.rnasociety.org\\\/conferences\\\/#organization\"},\"potentialAction\":[{\"@type\":\"SearchAction\",\"target\":{\"@type\":\"EntryPoint\",\"urlTemplate\":\"https:\\\/\\\/www.rnasociety.org\\\/conferences\\\/?s={search_term_string}\"},\"query-input\":{\"@type\":\"PropertyValueSpecification\",\"valueRequired\":true,\"valueName\":\"search_term_string\"}}],\"inLanguage\":\"en-US\"},{\"@type\":\"Organization\",\"@id\":\"https:\\\/\\\/www.rnasociety.org\\\/conferences\\\/#organization\",\"name\":\"The RNA Society\",\"url\":\"https:\\\/\\\/www.rnasociety.org\\\/conferences\\\/\",\"logo\":{\"@type\":\"ImageObject\",\"inLanguage\":\"en-US\",\"@id\":\"https:\\\/\\\/www.rnasociety.org\\\/conferences\\\/#\\\/schema\\\/logo\\\/image\\\/\",\"url\":\"https:\\\/\\\/www.rnasociety.org\\\/conferences\\\/wp-content\\\/uploads\\\/2026\\\/03\\\/Logo-RNA-Society.svg\",\"contentUrl\":\"https:\\\/\\\/www.rnasociety.org\\\/conferences\\\/wp-content\\\/uploads\\\/2026\\\/03\\\/Logo-RNA-Society.svg\",\"width\":100,\"height\":100,\"caption\":\"The RNA Society\"},\"image\":{\"@id\":\"https:\\\/\\\/www.rnasociety.org\\\/conferences\\\/#\\\/schema\\\/logo\\\/image\\\/\"}}]}<\/script>\n<!-- \/ Yoast SEO plugin. -->","yoast_head_json":{"title":"Getting to Krakow - RNA Society","robots":{"index":"index","follow":"follow","max-snippet":"max-snippet:-1","max-image-preview":"max-image-preview:large","max-video-preview":"max-video-preview:-1"},"canonical":"https:\/\/www.rnasociety.org\/conferences\/rna-2019\/getting-to-krakow\/","og_locale":"en_US","og_type":"article","og_title":"Getting to Krakow - RNA Society","og_description":"Getting to Krak\u00f3w By plane The International Krak\u00f3w Airport (KRK &#8211; John Paul II, in Balice) is situated approximately 11 km from the city center. The network of airline routes from the Krak\u00f3w Airport includes most European capitals and the &hellip; read more","og_url":"https:\/\/www.rnasociety.org\/conferences\/rna-2019\/getting-to-krakow\/","og_site_name":"RNA Society","article_modified_time":"2019-06-07T17:02:33+00:00","og_image":[{"width":79,"height":79,"url":"https:\/\/www.rnasociety.org\/conferences\/wp-content\/uploads\/2019\/01\/plane.png","type":"image\/png"}],"twitter_card":"summary_large_image","twitter_misc":{"Est. reading time":"2 minutes"},"schema":{"@context":"https:\/\/schema.org","@graph":[{"@type":"WebPage","@id":"https:\/\/www.rnasociety.org\/conferences\/rna-2019\/getting-to-krakow\/","url":"https:\/\/www.rnasociety.org\/conferences\/rna-2019\/getting-to-krakow\/","name":"Getting to Krakow - RNA Society","isPartOf":{"@id":"https:\/\/www.rnasociety.org\/conferences\/#website"},"primaryImageOfPage":{"@id":"https:\/\/www.rnasociety.org\/conferences\/rna-2019\/getting-to-krakow\/#primaryimage"},"image":{"@id":"https:\/\/www.rnasociety.org\/conferences\/rna-2019\/getting-to-krakow\/#primaryimage"},"thumbnailUrl":"http:\/\/rnasociety.org\/conferences\/wp-content\/uploads\/2019\/01\/plane.png","datePublished":"2019-01-03T18:53:43+00:00","dateModified":"2019-06-07T17:02:33+00:00","breadcrumb":{"@id":"https:\/\/www.rnasociety.org\/conferences\/rna-2019\/getting-to-krakow\/#breadcrumb"},"inLanguage":"en-US","potentialAction":[{"@type":"ReadAction","target":["https:\/\/www.rnasociety.org\/conferences\/rna-2019\/getting-to-krakow\/"]}]},{"@type":"ImageObject","inLanguage":"en-US","@id":"https:\/\/www.rnasociety.org\/conferences\/rna-2019\/getting-to-krakow\/#primaryimage","url":"http:\/\/rnasociety.org\/conferences\/wp-content\/uploads\/2019\/01\/plane.png","contentUrl":"http:\/\/rnasociety.org\/conferences\/wp-content\/uploads\/2019\/01\/plane.png"},{"@type":"BreadcrumbList","@id":"https:\/\/www.rnasociety.org\/conferences\/rna-2019\/getting-to-krakow\/#breadcrumb","itemListElement":[{"@type":"ListItem","position":1,"name":"Home","item":"https:\/\/www.rnasociety.org\/conferences\/"},{"@type":"ListItem","position":2,"name":"RNA 2019","item":"https:\/\/www.rnasociety.org\/conferences\/rna-2019\/"},{"@type":"ListItem","position":3,"name":"Getting to Krakow"}]},{"@type":"WebSite","@id":"https:\/\/www.rnasociety.org\/conferences\/#website","url":"https:\/\/www.rnasociety.org\/conferences\/","name":"The Annual Meeting of The RNA Society","description":"","publisher":{"@id":"https:\/\/www.rnasociety.org\/conferences\/#organization"},"potentialAction":[{"@type":"SearchAction","target":{"@type":"EntryPoint","urlTemplate":"https:\/\/www.rnasociety.org\/conferences\/?s={search_term_string}"},"query-input":{"@type":"PropertyValueSpecification","valueRequired":true,"valueName":"search_term_string"}}],"inLanguage":"en-US"},{"@type":"Organization","@id":"https:\/\/www.rnasociety.org\/conferences\/#organization","name":"The RNA Society","url":"https:\/\/www.rnasociety.org\/conferences\/","logo":{"@type":"ImageObject","inLanguage":"en-US","@id":"https:\/\/www.rnasociety.org\/conferences\/#\/schema\/logo\/image\/","url":"https:\/\/www.rnasociety.org\/conferences\/wp-content\/uploads\/2026\/03\/Logo-RNA-Society.svg","contentUrl":"https:\/\/www.rnasociety.org\/conferences\/wp-content\/uploads\/2026\/03\/Logo-RNA-Society.svg","width":100,"height":100,"caption":"The RNA Society"},"image":{"@id":"https:\/\/www.rnasociety.org\/conferences\/#\/schema\/logo\/image\/"}}]}},"_links":{"self":[{"href":"https:\/\/www.rnasociety.org\/conferences\/wp-json\/wp\/v2\/pages\/4651","targetHints":{"allow":["GET"]}}],"collection":[{"href":"https:\/\/www.rnasociety.org\/conferences\/wp-json\/wp\/v2\/pages"}],"about":[{"href":"https:\/\/www.rnasociety.org\/conferences\/wp-json\/wp\/v2\/types\/page"}],"author":[{"embeddable":true,"href":"https:\/\/www.rnasociety.org\/conferences\/wp-json\/wp\/v2\/users\/1"}],"replies":[{"embeddable":true,"href":"https:\/\/www.rnasociety.org\/conferences\/wp-json\/wp\/v2\/comments?post=4651"}],"version-history":[{"count":0,"href":"https:\/\/www.rnasociety.org\/conferences\/wp-json\/wp\/v2\/pages\/4651\/revisions"}],"up":[{"embeddable":true,"href":"https:\/\/www.rnasociety.org\/conferences\/wp-json\/wp\/v2\/pages\/4375"}],"wp:attachment":[{"href":"https:\/\/www.rnasociety.org\/conferences\/wp-json\/wp\/v2\/media?parent=4651"}],"curies":[{"name":"wp","href":"https:\/\/api.w.org\/{rel}","templated":true}]}}