{"id":3081,"date":"2017-02-15T11:05:10","date_gmt":"2017-02-15T18:05:10","guid":{"rendered":"http:\/\/rnasociety.org\/conferences\/?page_id=3081"},"modified":"2017-02-15T11:13:41","modified_gmt":"2017-02-15T18:13:41","slug":"junior-scientists","status":"publish","type":"page","link":"https:\/\/www.rnasociety.org\/conferences\/rna-2017\/junior-scientists\/","title":{"rendered":"Junior Scientists"},"content":{"rendered":"<h1>Junior Scientists<\/h1>\n<h2><strong>Planned events for RNA 2017<\/strong><\/h2>\n<p><strong><em>Pre-meeting activity: Prague Scavenger Hunt<br \/>\n<\/em><\/strong>Our annual pre-meeting activity will give you the opportunity to explore the magnificent city of Prague with all of your senses. You will travel through time, experiencing medieval history all the way through to modern times. This interactive tour will be even more fun because you will be surrounded by fellow junior scientists. You will be astounded by the breathtaking sights, sounds, and tastes of this intercultural university city in the heart of Europe.<br \/>\nSign-up for the scavenger hunt here: <a href=\"https:\/\/goo.gl\/forms\/l2HYizGwwa8UGAs53\" target=\"_blank\">https:\/\/goo.gl\/forms\/l2HYizGwwa8UGAs53<br \/>\n<\/a>Spots will be assigned on a first-come, first-served basis. The scavenger hunt will start at 11 a.m. and will include a stop to please your taste buds, so plan travel accordingly.<\/p>\n<p><strong><em>Junior Scientist Social<br \/>\n<\/em><\/strong>This junior scientist-only social is a great opportunity to meet your peers, unwind, socialize, and find people to explore Prague with. Come have a drink with us!<\/p>\n<p><strong><em>Career Development Workshop &#8211; Combating Impostor Syndrome<br \/>\n<\/em><\/strong>Have you ever felt like you\u2019re not quite as qualified as people think you are? Do you fear being exposed as a \u201cfraud\u201d? Our annual Career Development Workshop will address what \u201cImpostor Syndrome\u201d is, share stories of scientists who have struggled with and worked through it, and discuss methods to combat it.<\/p>\n<h2><strong>Junior Scientist Committee Representatives<\/strong><\/h2>\n<p><strong>Allison Didychuk \u2013 Graduate Student Representative<br \/>\n<img loading=\"lazy\" decoding=\"async\" class=\"alignleft size-full wp-image-3084\" src=\"http:\/\/rnasociety.org\/conferences\/wp-content\/uploads\/2017\/02\/allison-1.jpg\" alt=\"allison\" width=\"186\" height=\"225\" \/><\/strong>I\u2019m a fifth year graduate student in Sam Butcher\u2019s lab at the University of Wisconsin-Madison. I study early steps in spliceosome assembly, focusing on how U6 snRNA is incorporated into the U6 and U4\/U6 snRNPs. I have served on the RNA Society Junior Scientist Committee, and I hope that my experience on the committee can facilitate the best possible experience for junior scientists at RNA 2017. If you are interested in joining the committee, please find me so we can chat at the meeting!<\/p>\n<p><strong>\u00a0<\/strong><\/p>\n<p><strong>Fadi Marayati \u2013 Graduate Student Representative<br \/>\n<img loading=\"lazy\" decoding=\"async\" class=\"alignright size-full wp-image-3086\" src=\"http:\/\/rnasociety.org\/conferences\/wp-content\/uploads\/2017\/02\/fadi.jpg\" alt=\"fadi\" width=\"186\" height=\"225\" \/><\/strong>I am originally from Aleppo, Syria. I received my Bachelor of Science in Biology at the American University of Beirut, Lebanon. In 2012, I moved to North Carolina to study for my Master of Science in Biology at the University of North Carolina \u2013 Greensboro. I am currently a 2nd year Ph.D. student in the department of Biology at Wake Forest University where I work at the intersection of RNA Biology and Epigenetics; I focus primarily on the fission yeast MTREC and EJC orthologs and their role in the maturation of meiotic mRNA transcripts during meiosis. As a Junior Scientist Committee member, I plan to continue the society\u2019s solid career development efforts and stress the importance of engaging young scientists through social media and online workshops, outside of the time frame of the yearly meeting. I hope that young scientists can gain a strong sense of inclusion in the society, and can benefit from the career development workshops to see their future in the field from the perspective of academia and industry professionals.<\/p>\n<p><strong>Petra Beznoskov\u00e1 \u2013 Postdoc Representative<br \/>\n<img loading=\"lazy\" decoding=\"async\" class=\"alignleft size-full wp-image-3087\" src=\"http:\/\/rnasociety.org\/conferences\/wp-content\/uploads\/2017\/02\/petra.jpg\" alt=\"petra\" width=\"181\" height=\"225\" \/><\/strong>I am a senior Ph.D. student with over 6 years of training in gene expression studies conducted in the Laboratory of Regulation of Gene Expression at the Institute of Microbiology in Prague under the supervision of Leo\u0161 Val\u00e1\u0161ek, Ph.D. My main research focus is on stop codon readthrough. Besides my research, I have been involved in promotional and educational events organized by the public relations department of the Institute of Microbiology (events like \u201cScience open for public\u201d, \u201cBring your children to work\u201d, etc.). I am now also involved in the European mobility program for young scientists \u201cERASMUS+\u201d and supervise an intern from the United Kingdom. I envision the Junior Scientists as a community inside the RNA Society that will be a platform for young researchers to actively support each other. As a Junior Scientist Committee member based in a heart of Europe, I would like to emphasize more geopolitical differences in opportunities for young RNA scientists. I am very excited that my hometown will host the RNA Society meeting next year- I look forward to showing you the many beautiful sights Prague has to offer!<\/p>\n<p><strong>Kris Brannan <\/strong><strong>\u2013<\/strong><strong> Postdoc Representative<br \/>\n<img loading=\"lazy\" decoding=\"async\" class=\"alignright size-full wp-image-3088\" src=\"http:\/\/rnasociety.org\/conferences\/wp-content\/uploads\/2017\/02\/kris.jpg\" alt=\"kris\" width=\"225\" height=\"225\" srcset=\"https:\/\/www.rnasociety.org\/conferences\/wp-content\/uploads\/2017\/02\/kris.jpg 225w, https:\/\/www.rnasociety.org\/conferences\/wp-content\/uploads\/2017\/02\/kris-150x150.jpg 150w\" sizes=\"auto, (max-width: 225px) 100vw, 225px\" \/><\/strong>I am currently a third year postdoctoral fellow with Gene Yeo\u2019s group at the University of California, San Diego.\u00a0\u00a0 I am interested in understanding how protein-RNA interactions control gene expression programs in the human central nervous system, and how these interactions are disrupted in neurodegenerative diseases.\u00a0 As a member of the RNA Society Junior Scientist Committee, I hope to facilitate networking opportunities for students and postdoctoral fellows working in the RNA field.\u00a0 I am excited about the opportunity to plan activities and generate online content to expand this collaborative community of young scientists as we prepare to meet in Prague in 2017!<\/p>\n<p><strong>Faculty Advisors: Katrin Karbstein (Scripps Research Institute Florida) and Samuel Butcher (University of Wisconsin-Madison)<\/strong><\/p>\n<h2><strong>Help us build the junior scientist community throughout the year!<\/strong><\/h2>\n<p>Stay connected to your colleagues throughout the year via social media (we\u2019re on Facebook, Twitter, and LinkedIn). We encourage discussions and posts- feel free to post your successes (such as recently published papers) and your questions. The Facebook page is public, so we would like to highlight and celebrate RNA science on this page.\u00a0 The LinkedIn group is private, so feel free to post more specific questions, topics, or job postings.<\/p>\n<p><strong>Email: <\/strong><a href=\"mailto:&#x6a;&#x75;&#x6e;&#x69;&#x6f;&#x72;&#x5f;&#x73;&#x63;&#x69;&#x65;&#x6e;&#x74;&#x69;&#x73;&#x74;&#x73;&#x40;&#x72;&#x6e;&#x61;&#x73;&#x6f;&#x63;&#x69;&#x65;&#x74;&#x79;&#x2e;&#x6f;&#x72;&#x67;\">&#x6a;&#x75;&#x6e;&#x69;&#x6f;&#x72;&#x5f;&#x73;&#x63;&#x69;&#x65;&#x6e;&#x74;&#x69;&#x73;&#x74;&#x73;&#x40;<span class=\"oe_displaynone\">null<\/span>&#x72;&#x6e;&#x61;&#x73;&#x6f;&#x63;&#x69;&#x65;&#x74;&#x79;&#x2e;&#x6f;&#x72;&#x67;<\/a><\/p>\n<p><strong>Facebook:<\/strong> <a target=\"_blank\"  href=\"https:\/\/www.facebook.com\/RNASocietyJuniorScientists\/\">https:\/\/www.facebook.com\/RNASocietyJuniorScientists\/<\/a><\/p>\n<p><strong>LinkedIn:<\/strong> RNA Society Junior Scientists (<a target=\"_blank\"  href=\"https:\/\/www.linkedin.com\/groups\/8152215\">https:\/\/www.linkedin.com\/groups\/8152215<\/a>)<\/p>\n<p><strong>Twitter:<\/strong> @jrRNAscientists<\/p>","protected":false},"excerpt":{"rendered":"<p>Junior Scientists Planned events for RNA 2017 Pre-meeting activity: Prague Scavenger Hunt Our annual pre-meeting activity will give you the opportunity to explore the magnificent city of Prague with all of your senses. You will travel through time, experiencing medieval &hellip; <a href=\"https:\/\/www.rnasociety.org\/conferences\/rna-2017\/junior-scientists\/\">read more<\/a><\/p>\n","protected":false},"author":1,"featured_media":0,"parent":2697,"menu_order":0,"comment_status":"closed","ping_status":"closed","template":"page_rna2017.php","meta":{"_acf_changed":false,"inline_featured_image":false,"footnotes":""},"class_list":["post-3081","page","type-page","status-publish","hentry"],"acf":[],"yoast_head":"<!-- This site is optimized with the Yoast SEO plugin v27.4 - https:\/\/yoast.com\/product\/yoast-seo-wordpress\/ -->\n<title>Junior Scientists - RNA Society<\/title>\n<meta name=\"robots\" content=\"index, follow, max-snippet:-1, max-image-preview:large, max-video-preview:-1\" \/>\n<link rel=\"canonical\" href=\"https:\/\/www.rnasociety.org\/conferences\/rna-2017\/junior-scientists\/\" \/>\n<meta property=\"og:locale\" content=\"en_US\" \/>\n<meta property=\"og:type\" content=\"article\" \/>\n<meta property=\"og:title\" content=\"Junior Scientists - RNA Society\" \/>\n<meta property=\"og:description\" content=\"Junior Scientists Planned events for RNA 2017 Pre-meeting activity: Prague Scavenger Hunt Our annual pre-meeting activity will give you the opportunity to explore the magnificent city of Prague with all of your senses. You will travel through time, experiencing medieval &hellip; read more\" \/>\n<meta property=\"og:url\" content=\"https:\/\/www.rnasociety.org\/conferences\/rna-2017\/junior-scientists\/\" \/>\n<meta property=\"og:site_name\" content=\"RNA Society\" \/>\n<meta property=\"article:modified_time\" content=\"2017-02-15T18:13:41+00:00\" \/>\n<meta property=\"og:image\" content=\"https:\/\/www.rnasociety.org\/conferences\/wp-content\/uploads\/2017\/02\/allison-1.jpg\" \/>\n\t<meta property=\"og:image:width\" content=\"186\" \/>\n\t<meta property=\"og:image:height\" content=\"225\" \/>\n\t<meta property=\"og:image:type\" content=\"image\/jpeg\" \/>\n<meta name=\"twitter:card\" content=\"summary_large_image\" \/>\n<meta name=\"twitter:label1\" content=\"Est. reading time\" \/>\n\t<meta name=\"twitter:data1\" content=\"5 minutes\" \/>\n<script type=\"application\/ld+json\" class=\"yoast-schema-graph\">{\"@context\":\"https:\\\/\\\/schema.org\",\"@graph\":[{\"@type\":\"WebPage\",\"@id\":\"https:\\\/\\\/www.rnasociety.org\\\/conferences\\\/rna-2017\\\/junior-scientists\\\/\",\"url\":\"https:\\\/\\\/www.rnasociety.org\\\/conferences\\\/rna-2017\\\/junior-scientists\\\/\",\"name\":\"Junior Scientists - RNA Society\",\"isPartOf\":{\"@id\":\"https:\\\/\\\/www.rnasociety.org\\\/conferences\\\/#website\"},\"primaryImageOfPage\":{\"@id\":\"https:\\\/\\\/www.rnasociety.org\\\/conferences\\\/rna-2017\\\/junior-scientists\\\/#primaryimage\"},\"image\":{\"@id\":\"https:\\\/\\\/www.rnasociety.org\\\/conferences\\\/rna-2017\\\/junior-scientists\\\/#primaryimage\"},\"thumbnailUrl\":\"http:\\\/\\\/rnasociety.org\\\/conferences\\\/wp-content\\\/uploads\\\/2017\\\/02\\\/allison-1.jpg\",\"datePublished\":\"2017-02-15T18:05:10+00:00\",\"dateModified\":\"2017-02-15T18:13:41+00:00\",\"breadcrumb\":{\"@id\":\"https:\\\/\\\/www.rnasociety.org\\\/conferences\\\/rna-2017\\\/junior-scientists\\\/#breadcrumb\"},\"inLanguage\":\"en-US\",\"potentialAction\":[{\"@type\":\"ReadAction\",\"target\":[\"https:\\\/\\\/www.rnasociety.org\\\/conferences\\\/rna-2017\\\/junior-scientists\\\/\"]}]},{\"@type\":\"ImageObject\",\"inLanguage\":\"en-US\",\"@id\":\"https:\\\/\\\/www.rnasociety.org\\\/conferences\\\/rna-2017\\\/junior-scientists\\\/#primaryimage\",\"url\":\"http:\\\/\\\/rnasociety.org\\\/conferences\\\/wp-content\\\/uploads\\\/2017\\\/02\\\/allison-1.jpg\",\"contentUrl\":\"http:\\\/\\\/rnasociety.org\\\/conferences\\\/wp-content\\\/uploads\\\/2017\\\/02\\\/allison-1.jpg\"},{\"@type\":\"BreadcrumbList\",\"@id\":\"https:\\\/\\\/www.rnasociety.org\\\/conferences\\\/rna-2017\\\/junior-scientists\\\/#breadcrumb\",\"itemListElement\":[{\"@type\":\"ListItem\",\"position\":1,\"name\":\"Home\",\"item\":\"https:\\\/\\\/www.rnasociety.org\\\/conferences\\\/\"},{\"@type\":\"ListItem\",\"position\":2,\"name\":\"RNA 2017\",\"item\":\"https:\\\/\\\/www.rnasociety.org\\\/conferences\\\/rna-2017\\\/\"},{\"@type\":\"ListItem\",\"position\":3,\"name\":\"Junior Scientists\"}]},{\"@type\":\"WebSite\",\"@id\":\"https:\\\/\\\/www.rnasociety.org\\\/conferences\\\/#website\",\"url\":\"https:\\\/\\\/www.rnasociety.org\\\/conferences\\\/\",\"name\":\"The Annual Meeting of The RNA Society\",\"description\":\"\",\"publisher\":{\"@id\":\"https:\\\/\\\/www.rnasociety.org\\\/conferences\\\/#organization\"},\"potentialAction\":[{\"@type\":\"SearchAction\",\"target\":{\"@type\":\"EntryPoint\",\"urlTemplate\":\"https:\\\/\\\/www.rnasociety.org\\\/conferences\\\/?s={search_term_string}\"},\"query-input\":{\"@type\":\"PropertyValueSpecification\",\"valueRequired\":true,\"valueName\":\"search_term_string\"}}],\"inLanguage\":\"en-US\"},{\"@type\":\"Organization\",\"@id\":\"https:\\\/\\\/www.rnasociety.org\\\/conferences\\\/#organization\",\"name\":\"The RNA Society\",\"url\":\"https:\\\/\\\/www.rnasociety.org\\\/conferences\\\/\",\"logo\":{\"@type\":\"ImageObject\",\"inLanguage\":\"en-US\",\"@id\":\"https:\\\/\\\/www.rnasociety.org\\\/conferences\\\/#\\\/schema\\\/logo\\\/image\\\/\",\"url\":\"https:\\\/\\\/www.rnasociety.org\\\/conferences\\\/wp-content\\\/uploads\\\/2026\\\/03\\\/Logo-RNA-Society.svg\",\"contentUrl\":\"https:\\\/\\\/www.rnasociety.org\\\/conferences\\\/wp-content\\\/uploads\\\/2026\\\/03\\\/Logo-RNA-Society.svg\",\"width\":100,\"height\":100,\"caption\":\"The RNA Society\"},\"image\":{\"@id\":\"https:\\\/\\\/www.rnasociety.org\\\/conferences\\\/#\\\/schema\\\/logo\\\/image\\\/\"}}]}<\/script>\n<!-- \/ Yoast SEO plugin. -->","yoast_head_json":{"title":"Junior Scientists - RNA Society","robots":{"index":"index","follow":"follow","max-snippet":"max-snippet:-1","max-image-preview":"max-image-preview:large","max-video-preview":"max-video-preview:-1"},"canonical":"https:\/\/www.rnasociety.org\/conferences\/rna-2017\/junior-scientists\/","og_locale":"en_US","og_type":"article","og_title":"Junior Scientists - RNA Society","og_description":"Junior Scientists Planned events for RNA 2017 Pre-meeting activity: Prague Scavenger Hunt Our annual pre-meeting activity will give you the opportunity to explore the magnificent city of Prague with all of your senses. You will travel through time, experiencing medieval &hellip; read more","og_url":"https:\/\/www.rnasociety.org\/conferences\/rna-2017\/junior-scientists\/","og_site_name":"RNA Society","article_modified_time":"2017-02-15T18:13:41+00:00","og_image":[{"width":186,"height":225,"url":"https:\/\/www.rnasociety.org\/conferences\/wp-content\/uploads\/2017\/02\/allison-1.jpg","type":"image\/jpeg"}],"twitter_card":"summary_large_image","twitter_misc":{"Est. reading time":"5 minutes"},"schema":{"@context":"https:\/\/schema.org","@graph":[{"@type":"WebPage","@id":"https:\/\/www.rnasociety.org\/conferences\/rna-2017\/junior-scientists\/","url":"https:\/\/www.rnasociety.org\/conferences\/rna-2017\/junior-scientists\/","name":"Junior Scientists - RNA Society","isPartOf":{"@id":"https:\/\/www.rnasociety.org\/conferences\/#website"},"primaryImageOfPage":{"@id":"https:\/\/www.rnasociety.org\/conferences\/rna-2017\/junior-scientists\/#primaryimage"},"image":{"@id":"https:\/\/www.rnasociety.org\/conferences\/rna-2017\/junior-scientists\/#primaryimage"},"thumbnailUrl":"http:\/\/rnasociety.org\/conferences\/wp-content\/uploads\/2017\/02\/allison-1.jpg","datePublished":"2017-02-15T18:05:10+00:00","dateModified":"2017-02-15T18:13:41+00:00","breadcrumb":{"@id":"https:\/\/www.rnasociety.org\/conferences\/rna-2017\/junior-scientists\/#breadcrumb"},"inLanguage":"en-US","potentialAction":[{"@type":"ReadAction","target":["https:\/\/www.rnasociety.org\/conferences\/rna-2017\/junior-scientists\/"]}]},{"@type":"ImageObject","inLanguage":"en-US","@id":"https:\/\/www.rnasociety.org\/conferences\/rna-2017\/junior-scientists\/#primaryimage","url":"http:\/\/rnasociety.org\/conferences\/wp-content\/uploads\/2017\/02\/allison-1.jpg","contentUrl":"http:\/\/rnasociety.org\/conferences\/wp-content\/uploads\/2017\/02\/allison-1.jpg"},{"@type":"BreadcrumbList","@id":"https:\/\/www.rnasociety.org\/conferences\/rna-2017\/junior-scientists\/#breadcrumb","itemListElement":[{"@type":"ListItem","position":1,"name":"Home","item":"https:\/\/www.rnasociety.org\/conferences\/"},{"@type":"ListItem","position":2,"name":"RNA 2017","item":"https:\/\/www.rnasociety.org\/conferences\/rna-2017\/"},{"@type":"ListItem","position":3,"name":"Junior Scientists"}]},{"@type":"WebSite","@id":"https:\/\/www.rnasociety.org\/conferences\/#website","url":"https:\/\/www.rnasociety.org\/conferences\/","name":"The Annual Meeting of The RNA Society","description":"","publisher":{"@id":"https:\/\/www.rnasociety.org\/conferences\/#organization"},"potentialAction":[{"@type":"SearchAction","target":{"@type":"EntryPoint","urlTemplate":"https:\/\/www.rnasociety.org\/conferences\/?s={search_term_string}"},"query-input":{"@type":"PropertyValueSpecification","valueRequired":true,"valueName":"search_term_string"}}],"inLanguage":"en-US"},{"@type":"Organization","@id":"https:\/\/www.rnasociety.org\/conferences\/#organization","name":"The RNA Society","url":"https:\/\/www.rnasociety.org\/conferences\/","logo":{"@type":"ImageObject","inLanguage":"en-US","@id":"https:\/\/www.rnasociety.org\/conferences\/#\/schema\/logo\/image\/","url":"https:\/\/www.rnasociety.org\/conferences\/wp-content\/uploads\/2026\/03\/Logo-RNA-Society.svg","contentUrl":"https:\/\/www.rnasociety.org\/conferences\/wp-content\/uploads\/2026\/03\/Logo-RNA-Society.svg","width":100,"height":100,"caption":"The RNA Society"},"image":{"@id":"https:\/\/www.rnasociety.org\/conferences\/#\/schema\/logo\/image\/"}}]}},"_links":{"self":[{"href":"https:\/\/www.rnasociety.org\/conferences\/wp-json\/wp\/v2\/pages\/3081","targetHints":{"allow":["GET"]}}],"collection":[{"href":"https:\/\/www.rnasociety.org\/conferences\/wp-json\/wp\/v2\/pages"}],"about":[{"href":"https:\/\/www.rnasociety.org\/conferences\/wp-json\/wp\/v2\/types\/page"}],"author":[{"embeddable":true,"href":"https:\/\/www.rnasociety.org\/conferences\/wp-json\/wp\/v2\/users\/1"}],"replies":[{"embeddable":true,"href":"https:\/\/www.rnasociety.org\/conferences\/wp-json\/wp\/v2\/comments?post=3081"}],"version-history":[{"count":0,"href":"https:\/\/www.rnasociety.org\/conferences\/wp-json\/wp\/v2\/pages\/3081\/revisions"}],"up":[{"embeddable":true,"href":"https:\/\/www.rnasociety.org\/conferences\/wp-json\/wp\/v2\/pages\/2697"}],"wp:attachment":[{"href":"https:\/\/www.rnasociety.org\/conferences\/wp-json\/wp\/v2\/media?parent=3081"}],"curies":[{"name":"wp","href":"https:\/\/api.w.org\/{rel}","templated":true}]}}