{"id":3067,"date":"2017-02-07T19:15:25","date_gmt":"2017-02-08T02:15:25","guid":{"rendered":"http:\/\/rnasociety.org\/conferences\/?page_id=3067"},"modified":"2017-02-07T19:15:25","modified_gmt":"2017-02-08T02:15:25","slug":"satellite-meetings","status":"publish","type":"page","link":"https:\/\/www.rnasociety.org\/conferences\/rna-2017\/satellite-meetings\/","title":{"rendered":"Satellite Meetings"},"content":{"rendered":"<h1>RNA 2017 Satellite meetings<\/h1>\n<p>Individuals attending RNA2017 may also be interested in attending these satellite meetings, sponsored by the RNA Society, to be held before or after the RNA meeting, in or near Prague.<\/p>\n<p><strong>Microsymposium on Small RNA Biology<br \/>\n<\/strong>May 26<sup>th<\/sup> \u2013 28<sup>th<\/sup>, 2017\u00a0\u00a0 Vienna, Austria<br \/>\nThis Microsymposium is a three-day international conference to discuss their latest findings in the exciting field of small RNAs. The Microsymposium is entirely financed by scientific societies, leading journals, biotech companies, the city of Vienna, and the research institutions IMBA, IMP, and GMI. These generous contributions make the Microsymposium a registration-free meeting for all its participants.<\/p>\n<p>The conference includes a PhD Student Workshop. From the submitted abstracts, 8-10 students will be selected as speakers. Travel and accommodation for these students will be covered.<\/p>\n<p><em>Deadlines:\u00a0\u00a0\u00a0\u00a0 <\/em>Abstract submission: <strong>April 15, 2017\u00a0\u00a0\u00a0 \u00a0\u00a0\u00a0\u00a0\u00a0\u00a0\u00a0\u00a0\u00a0\u00a0\u00a0 <\/strong>Registration: <strong>May 15, 2017<\/strong><br \/>\nFor more information, including a full list of speakers, and to register, please visit:<br \/>\n<a href=\"http:\/\/www.imba.oeaw.ac.at\/news-events\/events\/microsymposium\/\" target=\"_blank\">http:\/\/www.imba.oeaw.ac.at\/news-events\/events\/microsymposium\/<\/a><\/p>\n<hr \/>\n<p><strong>Hallmarks of Cancer: Focus on RNA<\/strong><br \/>\nMay 28-30\u00a0\u00a0 V\u00edde\u0148sk\u00e1 1083,142 20 Prague 4, Czech Republic<\/p>\n<p>Accumulating evidence supports the importance of RNA biology in the hallmarks of cancer. Post-transcriptional steps of gene expression (pre-mRNA splicing, polyadenylation, stability, translation, localization and modifications) as well as the functions of non-coding RNAs are increasingly diverse. The internationally renowned experts invited to this symposium will present the recent advances in our understanding of RNA biology in cancer. This will be complemented by at least 10 selected talks, as well as poster presentations.<\/p>\n<p>The symposium is intended to bring together RNA and cancer biologists. It is expected that the small size of the attendance (max. 150) will foster stimulating discussions that will lead to innovative collaborations. Abstracts are welcome on all scientific topics related to the symposium and must be submitted electronically <strong>by March 20, 2017<\/strong>.<\/p>\n<p>Registration fees\u00a0: 150 Euros; Payment, by credit card only, due in full at the time of registration, by March 20, 2017.<\/p>\n<p>Selection of abstracts for oral or poster presentations will be made by the organizers, notification of acceptance status will be sent by email no later than <strong>April 20, 2017<\/strong>.\u00a0 For more information see : <a href=\"https:\/\/www.weezevent.com\/cancer-rna-2017\" target=\"_blank\">https:\/\/www.weezevent.com\/cancer-rna-2017 <\/a><\/p>\n<hr \/>\n<p><strong>Nucleic Acids and Immunity<\/strong><br \/>\nJune 4<sup>th<\/sup> \u2013 7<sup>th<\/sup>, 2017\u00a0\u00a0 Brno, Czech Republic<\/p>\n<p>The second conference on <em>Nucleic Acids and Immunity<\/em>, will be held in Brno directly after the RNA Society conference. The emphasis is on RNA modification, as the <em>epitranscriptome <\/em>is a new emerging field of research. The aim of the conference is to bring together researchers in the fields of immunology, innate immune nucleic acid sensing and enzymatic modification of nucleic acids. Short talks will be chosen from abstracts.<\/p>\n<p>As this is a satellite meeting to RNA2017 in Prague there is a reduction on registration for this conference for those who attend the RNA Society conference (\u20ac220\/ academic, \u20ac150\/ students). Free transportation will be provided from Prague to Brno on the 4<sup>th<\/sup>, returning on the afternoon of the 7<sup>th<\/sup>.<\/p>\n<p>Please visit the website <a href=\"http:\/\/www.nucleic-acids-immunity.ceitec.eu\/\" target=\"_blank\">http:\/\/www.nucleic-acids-immunity.ceitec.eu\/<\/a>\u00a0 for more information<\/p>","protected":false},"excerpt":{"rendered":"<p>RNA 2017 Satellite meetings Individuals attending RNA2017 may also be interested in attending these satellite meetings, sponsored by the RNA Society, to be held before or after the RNA meeting, in or near Prague. Microsymposium on Small RNA Biology May &hellip; <a href=\"https:\/\/www.rnasociety.org\/conferences\/rna-2017\/satellite-meetings\/\">read more<\/a><\/p>\n","protected":false},"author":1,"featured_media":0,"parent":2697,"menu_order":0,"comment_status":"closed","ping_status":"closed","template":"page_rna2017.php","meta":{"_acf_changed":false,"inline_featured_image":false,"footnotes":""},"class_list":["post-3067","page","type-page","status-publish","hentry"],"acf":[],"yoast_head":"<!-- This site is optimized with the Yoast SEO plugin v27.4 - https:\/\/yoast.com\/product\/yoast-seo-wordpress\/ -->\n<title>Satellite Meetings - RNA Society<\/title>\n<meta name=\"robots\" content=\"index, follow, max-snippet:-1, max-image-preview:large, max-video-preview:-1\" \/>\n<link rel=\"canonical\" href=\"https:\/\/www.rnasociety.org\/conferences\/rna-2017\/satellite-meetings\/\" \/>\n<meta property=\"og:locale\" content=\"en_US\" \/>\n<meta property=\"og:type\" content=\"article\" \/>\n<meta property=\"og:title\" content=\"Satellite Meetings - RNA Society\" \/>\n<meta property=\"og:description\" content=\"RNA 2017 Satellite meetings Individuals attending RNA2017 may also be interested in attending these satellite meetings, sponsored by the RNA Society, to be held before or after the RNA meeting, in or near Prague. Microsymposium on Small RNA Biology May &hellip; read more\" \/>\n<meta property=\"og:url\" content=\"https:\/\/www.rnasociety.org\/conferences\/rna-2017\/satellite-meetings\/\" \/>\n<meta property=\"og:site_name\" content=\"RNA Society\" \/>\n<meta name=\"twitter:card\" content=\"summary_large_image\" \/>\n<meta name=\"twitter:label1\" content=\"Est. reading time\" \/>\n\t<meta name=\"twitter:data1\" content=\"2 minutes\" \/>\n<script type=\"application\/ld+json\" class=\"yoast-schema-graph\">{\"@context\":\"https:\\\/\\\/schema.org\",\"@graph\":[{\"@type\":\"WebPage\",\"@id\":\"https:\\\/\\\/www.rnasociety.org\\\/conferences\\\/rna-2017\\\/satellite-meetings\\\/\",\"url\":\"https:\\\/\\\/www.rnasociety.org\\\/conferences\\\/rna-2017\\\/satellite-meetings\\\/\",\"name\":\"Satellite Meetings - RNA Society\",\"isPartOf\":{\"@id\":\"https:\\\/\\\/www.rnasociety.org\\\/conferences\\\/#website\"},\"datePublished\":\"2017-02-08T02:15:25+00:00\",\"breadcrumb\":{\"@id\":\"https:\\\/\\\/www.rnasociety.org\\\/conferences\\\/rna-2017\\\/satellite-meetings\\\/#breadcrumb\"},\"inLanguage\":\"en-US\",\"potentialAction\":[{\"@type\":\"ReadAction\",\"target\":[\"https:\\\/\\\/www.rnasociety.org\\\/conferences\\\/rna-2017\\\/satellite-meetings\\\/\"]}]},{\"@type\":\"BreadcrumbList\",\"@id\":\"https:\\\/\\\/www.rnasociety.org\\\/conferences\\\/rna-2017\\\/satellite-meetings\\\/#breadcrumb\",\"itemListElement\":[{\"@type\":\"ListItem\",\"position\":1,\"name\":\"Home\",\"item\":\"https:\\\/\\\/www.rnasociety.org\\\/conferences\\\/\"},{\"@type\":\"ListItem\",\"position\":2,\"name\":\"RNA 2017\",\"item\":\"https:\\\/\\\/www.rnasociety.org\\\/conferences\\\/rna-2017\\\/\"},{\"@type\":\"ListItem\",\"position\":3,\"name\":\"Satellite Meetings\"}]},{\"@type\":\"WebSite\",\"@id\":\"https:\\\/\\\/www.rnasociety.org\\\/conferences\\\/#website\",\"url\":\"https:\\\/\\\/www.rnasociety.org\\\/conferences\\\/\",\"name\":\"The Annual Meeting of The RNA Society\",\"description\":\"\",\"publisher\":{\"@id\":\"https:\\\/\\\/www.rnasociety.org\\\/conferences\\\/#organization\"},\"potentialAction\":[{\"@type\":\"SearchAction\",\"target\":{\"@type\":\"EntryPoint\",\"urlTemplate\":\"https:\\\/\\\/www.rnasociety.org\\\/conferences\\\/?s={search_term_string}\"},\"query-input\":{\"@type\":\"PropertyValueSpecification\",\"valueRequired\":true,\"valueName\":\"search_term_string\"}}],\"inLanguage\":\"en-US\"},{\"@type\":\"Organization\",\"@id\":\"https:\\\/\\\/www.rnasociety.org\\\/conferences\\\/#organization\",\"name\":\"The RNA Society\",\"url\":\"https:\\\/\\\/www.rnasociety.org\\\/conferences\\\/\",\"logo\":{\"@type\":\"ImageObject\",\"inLanguage\":\"en-US\",\"@id\":\"https:\\\/\\\/www.rnasociety.org\\\/conferences\\\/#\\\/schema\\\/logo\\\/image\\\/\",\"url\":\"https:\\\/\\\/www.rnasociety.org\\\/conferences\\\/wp-content\\\/uploads\\\/2026\\\/03\\\/Logo-RNA-Society.svg\",\"contentUrl\":\"https:\\\/\\\/www.rnasociety.org\\\/conferences\\\/wp-content\\\/uploads\\\/2026\\\/03\\\/Logo-RNA-Society.svg\",\"width\":100,\"height\":100,\"caption\":\"The RNA Society\"},\"image\":{\"@id\":\"https:\\\/\\\/www.rnasociety.org\\\/conferences\\\/#\\\/schema\\\/logo\\\/image\\\/\"}}]}<\/script>\n<!-- \/ Yoast SEO plugin. -->","yoast_head_json":{"title":"Satellite Meetings - RNA Society","robots":{"index":"index","follow":"follow","max-snippet":"max-snippet:-1","max-image-preview":"max-image-preview:large","max-video-preview":"max-video-preview:-1"},"canonical":"https:\/\/www.rnasociety.org\/conferences\/rna-2017\/satellite-meetings\/","og_locale":"en_US","og_type":"article","og_title":"Satellite Meetings - RNA Society","og_description":"RNA 2017 Satellite meetings Individuals attending RNA2017 may also be interested in attending these satellite meetings, sponsored by the RNA Society, to be held before or after the RNA meeting, in or near Prague. Microsymposium on Small RNA Biology May &hellip; read more","og_url":"https:\/\/www.rnasociety.org\/conferences\/rna-2017\/satellite-meetings\/","og_site_name":"RNA Society","twitter_card":"summary_large_image","twitter_misc":{"Est. reading time":"2 minutes"},"schema":{"@context":"https:\/\/schema.org","@graph":[{"@type":"WebPage","@id":"https:\/\/www.rnasociety.org\/conferences\/rna-2017\/satellite-meetings\/","url":"https:\/\/www.rnasociety.org\/conferences\/rna-2017\/satellite-meetings\/","name":"Satellite Meetings - RNA Society","isPartOf":{"@id":"https:\/\/www.rnasociety.org\/conferences\/#website"},"datePublished":"2017-02-08T02:15:25+00:00","breadcrumb":{"@id":"https:\/\/www.rnasociety.org\/conferences\/rna-2017\/satellite-meetings\/#breadcrumb"},"inLanguage":"en-US","potentialAction":[{"@type":"ReadAction","target":["https:\/\/www.rnasociety.org\/conferences\/rna-2017\/satellite-meetings\/"]}]},{"@type":"BreadcrumbList","@id":"https:\/\/www.rnasociety.org\/conferences\/rna-2017\/satellite-meetings\/#breadcrumb","itemListElement":[{"@type":"ListItem","position":1,"name":"Home","item":"https:\/\/www.rnasociety.org\/conferences\/"},{"@type":"ListItem","position":2,"name":"RNA 2017","item":"https:\/\/www.rnasociety.org\/conferences\/rna-2017\/"},{"@type":"ListItem","position":3,"name":"Satellite Meetings"}]},{"@type":"WebSite","@id":"https:\/\/www.rnasociety.org\/conferences\/#website","url":"https:\/\/www.rnasociety.org\/conferences\/","name":"The Annual Meeting of The RNA Society","description":"","publisher":{"@id":"https:\/\/www.rnasociety.org\/conferences\/#organization"},"potentialAction":[{"@type":"SearchAction","target":{"@type":"EntryPoint","urlTemplate":"https:\/\/www.rnasociety.org\/conferences\/?s={search_term_string}"},"query-input":{"@type":"PropertyValueSpecification","valueRequired":true,"valueName":"search_term_string"}}],"inLanguage":"en-US"},{"@type":"Organization","@id":"https:\/\/www.rnasociety.org\/conferences\/#organization","name":"The RNA Society","url":"https:\/\/www.rnasociety.org\/conferences\/","logo":{"@type":"ImageObject","inLanguage":"en-US","@id":"https:\/\/www.rnasociety.org\/conferences\/#\/schema\/logo\/image\/","url":"https:\/\/www.rnasociety.org\/conferences\/wp-content\/uploads\/2026\/03\/Logo-RNA-Society.svg","contentUrl":"https:\/\/www.rnasociety.org\/conferences\/wp-content\/uploads\/2026\/03\/Logo-RNA-Society.svg","width":100,"height":100,"caption":"The RNA Society"},"image":{"@id":"https:\/\/www.rnasociety.org\/conferences\/#\/schema\/logo\/image\/"}}]}},"_links":{"self":[{"href":"https:\/\/www.rnasociety.org\/conferences\/wp-json\/wp\/v2\/pages\/3067","targetHints":{"allow":["GET"]}}],"collection":[{"href":"https:\/\/www.rnasociety.org\/conferences\/wp-json\/wp\/v2\/pages"}],"about":[{"href":"https:\/\/www.rnasociety.org\/conferences\/wp-json\/wp\/v2\/types\/page"}],"author":[{"embeddable":true,"href":"https:\/\/www.rnasociety.org\/conferences\/wp-json\/wp\/v2\/users\/1"}],"replies":[{"embeddable":true,"href":"https:\/\/www.rnasociety.org\/conferences\/wp-json\/wp\/v2\/comments?post=3067"}],"version-history":[{"count":0,"href":"https:\/\/www.rnasociety.org\/conferences\/wp-json\/wp\/v2\/pages\/3067\/revisions"}],"up":[{"embeddable":true,"href":"https:\/\/www.rnasociety.org\/conferences\/wp-json\/wp\/v2\/pages\/2697"}],"wp:attachment":[{"href":"https:\/\/www.rnasociety.org\/conferences\/wp-json\/wp\/v2\/media?parent=3067"}],"curies":[{"name":"wp","href":"https:\/\/api.w.org\/{rel}","templated":true}]}}